{"id":12003,"date":"2024-01-23T16:48:45","date_gmt":"2024-01-23T15:48:45","guid":{"rendered":"https:\/\/sklep-plcspace.pl\/siemens\/simatic-s7-1200-w-zadaniach-jezyk-lad-poziom-podstawowy-bezplatny-copy\/"},"modified":"2025-07-04T11:16:05","modified_gmt":"2025-07-04T09:16:05","slug":"simatic-s7-1200-in-tasks-lingua-franca-basic","status":"publish","type":"product","link":"https:\/\/sklep-plcspace.pl\/en\/siemens\/simatic-s7-1200-in-tasks-lingua-franca-basic\/","title":{"rendered":"SIMATIC S7-1200 in tasks. LAD language. Basic level"},"content":{"rendered":"<p>W dzisiejszym \u015bwiecie umiej\u0119tno\u015b\u0107 programowania sta\u0142a si\u0119 kluczowa w wielu bran\u017cach, niezale\u017cnie od ich specyfiki. Kursy online, aplikacje mobilne oraz tradycyjne materia\u0142y edukacyjne stanowi\u0105 bogate \u017ar\u00f3d\u0142o wiedzy dla os\u00f3b chc\u0105cych rozwija\u0107 kompetencje programistyczne, dostosowane do r\u00f3\u017cnych poziom\u00f3w zaawansowania.<\/p>\n<p>Rozw\u00f3j umiej\u0119tno\u015bci programowania najlepiej osi\u0105ga si\u0119 poprzez praktyk\u0119. Tworzenie w\u0142asnych projekt\u00f3w i rozwi\u0105zywanie problem\u00f3w programistycznych umo\u017cliwia zdobycie konkretnego do\u015bwiadczenia i lepsze zrozumienie z\u0142o\u017conych zagadnie\u0144. Ksi\u0105\u017cka &#8222;Simatic S7-1200 w Zadaniach. J\u0119zyk LAD. Poziom Podstawowy&#8221; jest dedykowanym narz\u0119dziem dla tych, kt\u00f3rzy chc\u0105 nauczy\u0107 si\u0119 programowania w j\u0119zyku LAD, stosowanym powszechnie w automatyce przemys\u0142owej.<\/p>\n<p>Opanowanie j\u0119zyka LAD umo\u017cliwia tworzenie zaawansowanych projekt\u00f3w w r\u00f3\u017cnych sektorach przemys\u0142u, od automatyki po robotyk\u0119 i energetyk\u0119. Ksi\u0105\u017cka zawieraj\u0105ca przyk\u0142ady i praktyczne \u0107wiczenia nie tylko naucza teorii, ale r\u00f3wnie\u017c pomaga w praktycznym zastosowaniu zdobytej wiedzy. Dost\u0119p do sprawdzonych rozwi\u0105za\u0144 zada\u0144 przyspiesza proces uczenia si\u0119, minimalizuj\u0105c b\u0142\u0119dy i zwi\u0119kszaj\u0105c efektywno\u015b\u0107 programowania.<\/p>\n<p>Ksi\u0105\u017cka wspiera r\u00f3wnie\u017c rozw\u00f3j kreatywno\u015bci i samodzielno\u015bci w rozwi\u0105zywaniu problem\u00f3w programistycznych poprzez r\u00f3\u017cnorodne scenariusze zadaniowe. Umo\u017cliwia to nie tylko zdobycie umiej\u0119tno\u015bci technicznych, ale tak\u017ce rozw\u00f3j umiej\u0119tno\u015bci analitycznych i projektowych, kluczowych dla sukcesu w dzisiejszym rynku pracy wymagaj\u0105cym specjalist\u00f3w z umiej\u0119tno\u015bciami programistycznymi.<\/p>\n<p>Podsumowuj\u0105c, nauka poprzez praktyk\u0119 i dost\u0119p do profesjonalnych materia\u0142\u00f3w edukacyjnych, takich jak wspomniana ksi\u0105\u017cka, s\u0105 kluczowe dla ka\u017cdej osoby pragn\u0105cej rozwija\u0107 swoje kompetencje programistyczne w kontek\u015bcie wsp\u00f3\u0142czesnych zastosowa\u0144 sterownik\u00f3w PLC.<\/p>","protected":false},"excerpt":{"rendered":"<p><b>Book details:<\/b><br \/>\n<strong>Author:<\/strong>\u00a0Tomasz Gilewski<br \/>\n<strong>Publisher:<\/strong>\u00a0PLCspace<br \/>\n<strong>Pages:<\/strong> 149<br \/>\n<strong>Print:<\/strong> &#8211;<br \/>\n<strong>Format:<\/strong> e-book<\/p>\n<p>Invoice:\u00a0<strong>Yes<\/strong><br \/>\nVAT PROFORMA:\u00a0<strong>Yes<\/strong><br \/>\nCondition:\u00a0<strong>New<\/strong><\/p>","protected":false},"featured_media":12005,"comment_status":"closed","ping_status":"closed","template":"","meta":{"_acf_changed":false,"inline_featured_image":false,"site-sidebar-layout":"default","site-content-layout":"default","ast-site-content-layout":"default","site-content-style":"default","site-sidebar-style":"default","ast-global-header-display":"","ast-banner-title-visibility":"","ast-main-header-display":"","ast-hfb-above-header-display":"","ast-hfb-below-header-display":"","ast-hfb-mobile-header-display":"","site-post-title":"","ast-breadcrumbs-content":"","ast-featured-img":"","footer-sml-layout":"","theme-transparent-header-meta":"default","adv-header-id-meta":"","stick-header-meta":"default","header-above-stick-meta":"","header-main-stick-meta":"","header-below-stick-meta":"","astra-migrate-meta-layouts":"set","ast-page-background-enabled":"default","ast-page-background-meta":{"desktop":{"background-color":"","background-image":"","background-repeat":"repeat","background-position":"center center","background-size":"auto","background-attachment":"scroll","background-type":"","background-media":"","overlay-type":"","overlay-color":"","overlay-opacity":"","overlay-gradient":""},"tablet":{"background-color":"","background-image":"","background-repeat":"repeat","background-position":"center center","background-size":"auto","background-attachment":"scroll","background-type":"","background-media":"","overlay-type":"","overlay-color":"","overlay-opacity":"","overlay-gradient":""},"mobile":{"background-color":"","background-image":"","background-repeat":"repeat","background-position":"center center","background-size":"auto","background-attachment":"scroll","background-type":"","background-media":"","overlay-type":"","overlay-color":"","overlay-opacity":"","overlay-gradient":""}},"ast-content-background-meta":{"desktop":{"background-color":"var(--ast-global-color-5)","background-image":"","background-repeat":"repeat","background-position":"center center","background-size":"auto","background-attachment":"scroll","background-type":"","background-media":"","overlay-type":"","overlay-color":"","overlay-opacity":"","overlay-gradient":""},"tablet":{"background-color":"var(--ast-global-color-5)","background-image":"","background-repeat":"repeat","background-position":"center center","background-size":"auto","background-attachment":"scroll","background-type":"","background-media":"","overlay-type":"","overlay-color":"","overlay-opacity":"","overlay-gradient":""},"mobile":{"background-color":"var(--ast-global-color-5)","background-image":"","background-repeat":"repeat","background-position":"center center","background-size":"auto","background-attachment":"scroll","background-type":"","background-media":"","overlay-type":"","overlay-color":"","overlay-opacity":"","overlay-gradient":""}}},"product_brand":[],"product_cat":[45],"product_tag":[64],"class_list":{"0":"post-12003","1":"product","2":"type-product","3":"status-publish","4":"has-post-thumbnail","6":"product_cat-ksiazki","7":"product_tag-produkt-prosty","8":"desktop-align-left","9":"tablet-align-left","10":"mobile-align-left","11":"ast-product-gallery-layout-horizontal-slider","12":"ast-product-tabs-layout-horizontal","14":"first","15":"instock","16":"downloadable","17":"virtual","18":"taxable","19":"purchasable","20":"product-type-simple"},"acf":[],"_links":{"self":[{"href":"https:\/\/sklep-plcspace.pl\/en\/wp-json\/wp\/v2\/product\/12003","targetHints":{"allow":["GET"]}}],"collection":[{"href":"https:\/\/sklep-plcspace.pl\/en\/wp-json\/wp\/v2\/product"}],"about":[{"href":"https:\/\/sklep-plcspace.pl\/en\/wp-json\/wp\/v2\/types\/product"}],"replies":[{"embeddable":true,"href":"https:\/\/sklep-plcspace.pl\/en\/wp-json\/wp\/v2\/comments?post=12003"}],"wp:featuredmedia":[{"embeddable":true,"href":"https:\/\/sklep-plcspace.pl\/en\/wp-json\/wp\/v2\/media\/12005"}],"wp:attachment":[{"href":"https:\/\/sklep-plcspace.pl\/en\/wp-json\/wp\/v2\/media?parent=12003"}],"wp:term":[{"taxonomy":"product_brand","embeddable":true,"href":"https:\/\/sklep-plcspace.pl\/en\/wp-json\/wp\/v2\/product_brand?post=12003"},{"taxonomy":"product_cat","embeddable":true,"href":"https:\/\/sklep-plcspace.pl\/en\/wp-json\/wp\/v2\/product_cat?post=12003"},{"taxonomy":"product_tag","embeddable":true,"href":"https:\/\/sklep-plcspace.pl\/en\/wp-json\/wp\/v2\/product_tag?post=12003"}],"curies":[{"name":"wp","href":"https:\/\/api.w.org\/{rel}","templated":true}]}}