{"id":13448,"date":"2024-03-30T07:45:05","date_gmt":"2024-03-30T06:45:05","guid":{"rendered":"https:\/\/sklep-plcspace.pl\/siemens\/simatic-s7-1500-cpu-1511-1-pn-copy\/"},"modified":"2024-07-09T14:46:56","modified_gmt":"2024-07-09T12:46:56","slug":"simatic-s7-1200-in-tasks-lingua-franca-basic-5","status":"publish","type":"product","link":"https:\/\/sklep-plcspace.pl\/en\/siemens\/simatic-s7-1200-in-tasks-lingua-franca-basic-5\/","title":{"rendered":"S7-1500 front connector"},"content":{"rendered":"<p>SIMATIC S7-1500 oferuje z\u0142\u0105cze przednie z systemem po\u0142\u0105cze\u0144 na \u015bruby, zaprojektowane specjalnie dla modu\u0142\u00f3w o szeroko\u015bci 35 mm. Z\u0142\u0105cze to jest 40-pinowe i obejmuje 4 mostki potencja\u0142owe oraz opaski kablowe, co umo\u017cliwia efektywne zarz\u0105dzanie po\u0142\u0105czeniami w systemach automatyki przemys\u0142owej. Po\u0142\u0105czenia s\u0105 realizowane za pomoc\u0105 zacisk\u00f3w \u015brubowych, kt\u00f3re mog\u0105 obs\u0142ugiwa\u0107 1 lub kombinacj\u0119 2 przewod\u00f3w o \u0142\u0105cznym przekroju do 1,5 mm\u00b2 w jednym zacisku.<\/p>\n<p>Przekroje przewod\u00f3w dla kabli masowych wynosz\u0105 minimum 0,25 mm\u00b2, a dla kabli elastycznych bez ko\u0144c\u00f3wki r\u00f3wnie\u017c minimum 0,25 mm\u00b2. Z\u0142\u0105cza kabli elastycznych z ko\u0144c\u00f3wk\u0105 mog\u0105 mie\u0107 przekr\u00f3j od 0,25 mm\u00b2 do 1,5 mm\u00b2. Wa\u017cne jest, aby d\u0142ugo\u015b\u0107 ods\u0142oni\u0119cia kabli wynosi\u0142a od 10 mm do 11 mm, co zapewnia odpowiednie po\u0142\u0105czenie.<\/p>\n<p>Do monta\u017cu z\u0142\u0105cza zaleca si\u0119 u\u017cycie \u015brubokr\u0119ta o sto\u017ckowym kszta\u0142cie o \u015brednicy od 3 mm do 3,5 mm. Zalecane momenty dokr\u0119cania to minimum 0,4 N\u00b7m i maksimum 0,7 N\u00b7m, co zapewnia solidno\u015b\u0107 po\u0142\u0105czenia bez ryzyka uszkodzenia element\u00f3w.<\/p>\n<p>Wymiary z\u0142\u0105cza przedniego to szeroko\u015b\u0107 29,8 mm, wysoko\u015b\u0107 130,5 mm i g\u0142\u0119boko\u015b\u0107 46 mm, przy wadze oko\u0142o 123 g. Dzi\u0119ki tym specyfikacjom, z\u0142\u0105cze SIMATIC S7-1500 jest idealnym rozwi\u0105zaniem dla aplikacji wymagaj\u0105cych solidnego i efektywnego systemu po\u0142\u0105cze\u0144 w automatyce przemys\u0142owej.<\/p>","protected":false},"excerpt":{"rendered":"<p>SIMATIC S7-1500, Z\u0142\u0105cze przednie, System \u0142\u0105czenia \u015brubowego, 40-pinowe, przeznaczone dla modu\u0142\u00f3w o szeroko\u015bci 35 mm, w tym 4 mostki potencja\u0142owe oraz opaski kablowe.<\/p>\n<p>Invoice:\u00a0<strong>Yes<\/strong><br \/>\nVAT PROFORMA:\u00a0<strong>Yes<\/strong><br \/>\nCondition:\u00a0<strong>New<\/strong><\/p>","protected":false},"featured_media":13568,"comment_status":"closed","ping_status":"closed","template":"","meta":{"_acf_changed":false,"inline_featured_image":false,"site-sidebar-layout":"default","site-content-layout":"default","ast-site-content-layout":"default","site-content-style":"default","site-sidebar-style":"default","ast-global-header-display":"","ast-banner-title-visibility":"","ast-main-header-display":"","ast-hfb-above-header-display":"","ast-hfb-below-header-display":"","ast-hfb-mobile-header-display":"","site-post-title":"","ast-breadcrumbs-content":"","ast-featured-img":"","footer-sml-layout":"","theme-transparent-header-meta":"default","adv-header-id-meta":"","stick-header-meta":"default","header-above-stick-meta":"","header-main-stick-meta":"","header-below-stick-meta":"","astra-migrate-meta-layouts":"set","ast-page-background-enabled":"default","ast-page-background-meta":{"desktop":{"background-color":"","background-image":"","background-repeat":"repeat","background-position":"center center","background-size":"auto","background-attachment":"scroll","background-type":"","background-media":"","overlay-type":"","overlay-color":"","overlay-opacity":"","overlay-gradient":""},"tablet":{"background-color":"","background-image":"","background-repeat":"repeat","background-position":"center center","background-size":"auto","background-attachment":"scroll","background-type":"","background-media":"","overlay-type":"","overlay-color":"","overlay-opacity":"","overlay-gradient":""},"mobile":{"background-color":"","background-image":"","background-repeat":"repeat","background-position":"center center","background-size":"auto","background-attachment":"scroll","background-type":"","background-media":"","overlay-type":"","overlay-color":"","overlay-opacity":"","overlay-gradient":""}},"ast-content-background-meta":{"desktop":{"background-color":"var(--ast-global-color-5)","background-image":"","background-repeat":"repeat","background-position":"center center","background-size":"auto","background-attachment":"scroll","background-type":"","background-media":"","overlay-type":"","overlay-color":"","overlay-opacity":"","overlay-gradient":""},"tablet":{"background-color":"var(--ast-global-color-5)","background-image":"","background-repeat":"repeat","background-position":"center center","background-size":"auto","background-attachment":"scroll","background-type":"","background-media":"","overlay-type":"","overlay-color":"","overlay-opacity":"","overlay-gradient":""},"mobile":{"background-color":"var(--ast-global-color-5)","background-image":"","background-repeat":"repeat","background-position":"center center","background-size":"auto","background-attachment":"scroll","background-type":"","background-media":"","overlay-type":"","overlay-color":"","overlay-opacity":"","overlay-gradient":""}}},"product_brand":[],"product_cat":[44],"product_tag":[64],"class_list":{"0":"post-13448","1":"product","2":"type-product","3":"status-publish","4":"has-post-thumbnail","6":"product_cat-zestawy-hardware","7":"product_tag-produkt-prosty","8":"desktop-align-left","9":"tablet-align-left","10":"mobile-align-left","11":"ast-product-gallery-layout-horizontal-slider","12":"ast-product-gallery-with-no-image","13":"ast-product-tabs-layout-horizontal","15":"first","16":"onbackorder","17":"taxable","18":"shipping-taxable","19":"purchasable","20":"product-type-simple"},"acf":[],"_links":{"self":[{"href":"https:\/\/sklep-plcspace.pl\/en\/wp-json\/wp\/v2\/product\/13448","targetHints":{"allow":["GET"]}}],"collection":[{"href":"https:\/\/sklep-plcspace.pl\/en\/wp-json\/wp\/v2\/product"}],"about":[{"href":"https:\/\/sklep-plcspace.pl\/en\/wp-json\/wp\/v2\/types\/product"}],"replies":[{"embeddable":true,"href":"https:\/\/sklep-plcspace.pl\/en\/wp-json\/wp\/v2\/comments?post=13448"}],"wp:featuredmedia":[{"embeddable":true,"href":"https:\/\/sklep-plcspace.pl\/en\/wp-json\/wp\/v2\/media\/13568"}],"wp:attachment":[{"href":"https:\/\/sklep-plcspace.pl\/en\/wp-json\/wp\/v2\/media?parent=13448"}],"wp:term":[{"taxonomy":"product_brand","embeddable":true,"href":"https:\/\/sklep-plcspace.pl\/en\/wp-json\/wp\/v2\/product_brand?post=13448"},{"taxonomy":"product_cat","embeddable":true,"href":"https:\/\/sklep-plcspace.pl\/en\/wp-json\/wp\/v2\/product_cat?post=13448"},{"taxonomy":"product_tag","embeddable":true,"href":"https:\/\/sklep-plcspace.pl\/en\/wp-json\/wp\/v2\/product_tag?post=13448"}],"curies":[{"name":"wp","href":"https:\/\/api.w.org\/{rel}","templated":true}]}}