{"id":14305,"date":"2024-04-22T17:02:20","date_gmt":"2024-04-22T15:02:20","guid":{"rendered":"https:\/\/sklep-plcspace.pl\/siemens\/simatic-s7-1200-w-zadaniach-jezyk-lad-poziom-podstawowy-copy\/"},"modified":"2025-07-04T11:33:02","modified_gmt":"2025-07-04T09:33:02","slug":"simatic-s7-1200-in-tasks-lingua-franca-basic-12","status":"publish","type":"product","link":"https:\/\/sklep-plcspace.pl\/en\/siemens\/simatic-s7-1200-in-tasks-lingua-franca-basic-12\/","title":{"rendered":"SIMATIC S7-1200 in tasks. SCL language. Basic level"},"content":{"rendered":"<p>Ksi\u0105\u017cka &#8222;SIMATIC S7-1200 w zadaniach \u2013 poziom podstawowy&#8221; skupia si\u0119 na praktycznym nauce programowania sterownik\u00f3w PLC SIMATIC S7-1200 oraz j\u0119zyka tekstowego SCL, kt\u00f3re s\u0105 nieodzownymi narz\u0119dziami w automatyzacji przemys\u0142owej. Zawiera liczne \u0107wiczenia, kt\u00f3re umo\u017cliwiaj\u0105 zar\u00f3wno pocz\u0105tkuj\u0105cym, jak i zaawansowanym programistom zdobycie solidnej wiedzy z zakresu SCL. Ksi\u0105\u017cka jest zorganizowana tak, aby czytelnicy mogli samodzielnie eksperymentowa\u0107 i rozwija\u0107 swoje umiej\u0119tno\u015bci.<\/p>\n<p>\u0106wiczenia obejmuj\u0105 wszystkie kluczowe zagadnienia programowania PLC, pocz\u0105wszy od podstawowych operacji bitowych, a\u017c do zaawansowanych technik jak odmierzanie czasu, liczenie, pot\u0119gowanie i pierwiastkowanie. Ka\u017cde \u0107wiczenie jest oparte na \u015brodowisku programistycznym TIA Portal, wspieranym przez wirtualn\u0105 fabryk\u0119 Factory IO. Uczestnicy maj\u0105 mo\u017cliwo\u015b\u0107 samodzielnego rozwi\u0105zywania zada\u0144, a w razie potrzeby mog\u0105 skonsultowa\u0107 si\u0119 z przyk\u0142adowymi rozwi\u0105zaniami zawartymi w ksi\u0105\u017cce.<\/p>\n<p>Na ko\u0144cu ksi\u0105\u017cki znajduj\u0105 si\u0119 zadania przeznaczone do powt\u00f3rzenia, kt\u00f3re pozwalaj\u0105 na utrwalenie zdobytej wiedzy i umiej\u0119tno\u015bci. Dzi\u0119ki klarownemu ukierunkowaniu na praktyczne zastosowanie teoretycznych koncepcji, ksi\u0105\u017cka jest doskona\u0142ym narz\u0119dziem dla ka\u017cdego, kto chce pog\u0142\u0119bi\u0107 swoj\u0105 wiedz\u0119 z zakresu programowania sterownik\u00f3w PLC SIMATIC S7-1200 i j\u0119zyka SCL.<\/p>","protected":false},"excerpt":{"rendered":"<p><b>Book details:<\/b><br \/>\n<strong>Author:<\/strong>\u00a0Tomasz Gilewski<br \/>\n<strong>Publisher:<\/strong>\u00a0PLCspace<br \/>\n<strong>Pages:<\/strong> 101<br \/>\n<strong>Print:<\/strong> &#8211;<br \/>\n<strong>Format:<\/strong> e-book<\/p>\n<p>Invoice:\u00a0<strong>Yes<\/strong><br \/>\nVAT PROFORMA:\u00a0<strong>Yes<\/strong><br \/>\nCondition:\u00a0<strong>New<\/strong><\/p>","protected":false},"featured_media":14306,"comment_status":"closed","ping_status":"closed","template":"","meta":{"_acf_changed":false,"inline_featured_image":false,"site-sidebar-layout":"default","site-content-layout":"default","ast-site-content-layout":"default","site-content-style":"default","site-sidebar-style":"default","ast-global-header-display":"","ast-banner-title-visibility":"","ast-main-header-display":"","ast-hfb-above-header-display":"","ast-hfb-below-header-display":"","ast-hfb-mobile-header-display":"","site-post-title":"","ast-breadcrumbs-content":"","ast-featured-img":"","footer-sml-layout":"","theme-transparent-header-meta":"default","adv-header-id-meta":"","stick-header-meta":"default","header-above-stick-meta":"","header-main-stick-meta":"","header-below-stick-meta":"","astra-migrate-meta-layouts":"set","ast-page-background-enabled":"default","ast-page-background-meta":{"desktop":{"background-color":"","background-image":"","background-repeat":"repeat","background-position":"center center","background-size":"auto","background-attachment":"scroll","background-type":"","background-media":"","overlay-type":"","overlay-color":"","overlay-opacity":"","overlay-gradient":""},"tablet":{"background-color":"","background-image":"","background-repeat":"repeat","background-position":"center center","background-size":"auto","background-attachment":"scroll","background-type":"","background-media":"","overlay-type":"","overlay-color":"","overlay-opacity":"","overlay-gradient":""},"mobile":{"background-color":"","background-image":"","background-repeat":"repeat","background-position":"center center","background-size":"auto","background-attachment":"scroll","background-type":"","background-media":"","overlay-type":"","overlay-color":"","overlay-opacity":"","overlay-gradient":""}},"ast-content-background-meta":{"desktop":{"background-color":"var(--ast-global-color-5)","background-image":"","background-repeat":"repeat","background-position":"center center","background-size":"auto","background-attachment":"scroll","background-type":"","background-media":"","overlay-type":"","overlay-color":"","overlay-opacity":"","overlay-gradient":""},"tablet":{"background-color":"var(--ast-global-color-5)","background-image":"","background-repeat":"repeat","background-position":"center center","background-size":"auto","background-attachment":"scroll","background-type":"","background-media":"","overlay-type":"","overlay-color":"","overlay-opacity":"","overlay-gradient":""},"mobile":{"background-color":"var(--ast-global-color-5)","background-image":"","background-repeat":"repeat","background-position":"center center","background-size":"auto","background-attachment":"scroll","background-type":"","background-media":"","overlay-type":"","overlay-color":"","overlay-opacity":"","overlay-gradient":""}}},"product_brand":[],"product_cat":[45],"product_tag":[64],"class_list":{"0":"post-14305","1":"product","2":"type-product","3":"status-publish","4":"has-post-thumbnail","6":"product_cat-ksiazki","7":"product_tag-produkt-prosty","8":"desktop-align-left","9":"tablet-align-left","10":"mobile-align-left","11":"ast-product-gallery-layout-horizontal-slider","12":"ast-product-gallery-with-no-image","13":"ast-product-tabs-layout-horizontal","15":"first","16":"instock","17":"downloadable","18":"virtual","19":"taxable","20":"purchasable","21":"product-type-simple"},"acf":[],"_links":{"self":[{"href":"https:\/\/sklep-plcspace.pl\/en\/wp-json\/wp\/v2\/product\/14305","targetHints":{"allow":["GET"]}}],"collection":[{"href":"https:\/\/sklep-plcspace.pl\/en\/wp-json\/wp\/v2\/product"}],"about":[{"href":"https:\/\/sklep-plcspace.pl\/en\/wp-json\/wp\/v2\/types\/product"}],"replies":[{"embeddable":true,"href":"https:\/\/sklep-plcspace.pl\/en\/wp-json\/wp\/v2\/comments?post=14305"}],"wp:featuredmedia":[{"embeddable":true,"href":"https:\/\/sklep-plcspace.pl\/en\/wp-json\/wp\/v2\/media\/14306"}],"wp:attachment":[{"href":"https:\/\/sklep-plcspace.pl\/en\/wp-json\/wp\/v2\/media?parent=14305"}],"wp:term":[{"taxonomy":"product_brand","embeddable":true,"href":"https:\/\/sklep-plcspace.pl\/en\/wp-json\/wp\/v2\/product_brand?post=14305"},{"taxonomy":"product_cat","embeddable":true,"href":"https:\/\/sklep-plcspace.pl\/en\/wp-json\/wp\/v2\/product_cat?post=14305"},{"taxonomy":"product_tag","embeddable":true,"href":"https:\/\/sklep-plcspace.pl\/en\/wp-json\/wp\/v2\/product_tag?post=14305"}],"curies":[{"name":"wp","href":"https:\/\/api.w.org\/{rel}","templated":true}]}}