{"id":14308,"date":"2024-04-22T17:18:52","date_gmt":"2024-04-22T15:18:52","guid":{"rendered":"https:\/\/sklep-plcspace.pl\/siemens\/simatic-s7-1200-cpu-1212c-dc-dc-dc-copy\/"},"modified":"2024-07-09T14:35:25","modified_gmt":"2024-07-09T12:35:25","slug":"simatic-s7-1200-in-tasks-lingua-franca-basic-13","status":"publish","type":"product","link":"https:\/\/sklep-plcspace.pl\/en\/siemens\/simatic-s7-1200-in-tasks-lingua-franca-basic-13\/","title":{"rendered":"S7-1200 starter kit - Task sheets"},"content":{"rendered":"<p>Podstawowy zestaw szkoleniowy oparty na jednostce SIMATIC S7-1200 CPU1211C AC\/DC\/RLY stanowi solidn\u0105 podstaw\u0119 do nauki z zakresu automatyki przemys\u0142owej. Zestaw wyposa\u017cony jest w r\u00f3\u017cnorodne wej\u015bcia sygna\u0142owe, w tym cyfrowe zadajniki, przyciski (zar\u00f3wno z normalnie otwartymi, jak i zamkni\u0119tymi stykami), oraz prze\u0142\u0105cznik pi\u00f3rkowy. Dodatkowo, znajduje si\u0119 w nim potencjometr do zadawania napi\u0119cia w zakresie 0-10V. Wyj\u015bcia sygna\u0142u s\u0105 sygnalizowane przez diody elektroluminescencyjne, co pozwala na wizualne potwierdzenie stan\u00f3w.<\/p>\n<p>Zestaw oferuje \u0107wiczenia rozmieszczone na 32 kartach edukacyjnych, kt\u00f3re s\u0105 zorganizowane w spos\u00f3b rosn\u0105cej trudno\u015bci. Dzi\u0119ki modularnej konstrukcji kart, u\u017cytkownicy mog\u0105 dostosowywa\u0107 spos\u00f3b nauki do swoich potrzeb i post\u0119p\u00f3w w nauce. \u0106wiczenia obejmuj\u0105 praktyczne zastosowanie teoretycznych koncepcji, pozwalaj\u0105c ucz\u0105cym si\u0119 na stopniowe pog\u0142\u0119bianie swojej wiedzy i umiej\u0119tno\u015bci w obszarze programowania i obs\u0142ugi sterownik\u00f3w PLC.<\/p>\n<p>Podsumowuj\u0105c, podstawowy zestaw szkoleniowy SIMATIC S7-1200 CPU1211C AC\/DC\/RLY to kompleksowe narz\u0119dzie edukacyjne, kt\u00f3re nie tylko wprowadza w \u015bwiat automatyzacji przemys\u0142owej, ale tak\u017ce umo\u017cliwia praktyczne stosowanie zdobytej wiedzy w kontrolowaniu i monitorowaniu r\u00f3\u017cnych proces\u00f3w przemys\u0142owych. Dzi\u0119ki klarownemu ukierunkowaniu na rozw\u00f3j umiej\u0119tno\u015bci poprzez zr\u00f3\u017cnicowane \u0107wiczenia, zestaw ten jest idealnym wyborem dla pocz\u0105tkuj\u0105cych oraz zaawansowanych uczestnik\u00f3w kurs\u00f3w i szkole\u0144 z zakresu automatyki.<\/p>","protected":false},"excerpt":{"rendered":"<p>Podstawowy zestaw szkoleniowy jest solidnie zamontowany i oparty na jednostce rodziny SIMATIC S7-1200 (CPU1211C AC\/DC\/RLY). Zestaw zawiera r\u00f3\u017cnorodne wej\u015bcia sygna\u0142owe, w tym zadajniki, przyciski oraz prze\u0142\u0105cznik pi\u00f3rkowy, zar\u00f3wno cyfrowe, jak i analogowe, jak potencjometr do zadania napi\u0119cia w zakresie 0-10V. Wyj\u015bcie sygna\u0142u jest sygnalizowane przez diody elektroluminescencyjne. \u0106wiczenia prowadzone przy u\u017cyciu tego zestawu opieraj\u0105 si\u0119 na zwi\u0119kszaniu trudno\u015bci i s\u0105 zawarte na 32 kartach edukacyjnych, kt\u00f3re mo\u017cna wymienia\u0107 w zale\u017cno\u015bci od potrzeb.<\/p>\n<p>Invoice:\u00a0<strong>Yes<\/strong><br \/>\nVAT PROFORMA:\u00a0<strong>Yes<\/strong><br \/>\nCondition:\u00a0<strong>New<\/strong><\/p>","protected":false},"featured_media":14310,"comment_status":"closed","ping_status":"closed","template":"","meta":{"_acf_changed":false,"inline_featured_image":false,"site-sidebar-layout":"default","site-content-layout":"default","ast-site-content-layout":"default","site-content-style":"default","site-sidebar-style":"default","ast-global-header-display":"","ast-banner-title-visibility":"","ast-main-header-display":"","ast-hfb-above-header-display":"","ast-hfb-below-header-display":"","ast-hfb-mobile-header-display":"","site-post-title":"","ast-breadcrumbs-content":"","ast-featured-img":"","footer-sml-layout":"","theme-transparent-header-meta":"default","adv-header-id-meta":"","stick-header-meta":"default","header-above-stick-meta":"","header-main-stick-meta":"","header-below-stick-meta":"","astra-migrate-meta-layouts":"set","ast-page-background-enabled":"default","ast-page-background-meta":{"desktop":{"background-color":"","background-image":"","background-repeat":"repeat","background-position":"center center","background-size":"auto","background-attachment":"scroll","background-type":"","background-media":"","overlay-type":"","overlay-color":"","overlay-opacity":"","overlay-gradient":""},"tablet":{"background-color":"","background-image":"","background-repeat":"repeat","background-position":"center center","background-size":"auto","background-attachment":"scroll","background-type":"","background-media":"","overlay-type":"","overlay-color":"","overlay-opacity":"","overlay-gradient":""},"mobile":{"background-color":"","background-image":"","background-repeat":"repeat","background-position":"center center","background-size":"auto","background-attachment":"scroll","background-type":"","background-media":"","overlay-type":"","overlay-color":"","overlay-opacity":"","overlay-gradient":""}},"ast-content-background-meta":{"desktop":{"background-color":"var(--ast-global-color-5)","background-image":"","background-repeat":"repeat","background-position":"center center","background-size":"auto","background-attachment":"scroll","background-type":"","background-media":"","overlay-type":"","overlay-color":"","overlay-opacity":"","overlay-gradient":""},"tablet":{"background-color":"var(--ast-global-color-5)","background-image":"","background-repeat":"repeat","background-position":"center center","background-size":"auto","background-attachment":"scroll","background-type":"","background-media":"","overlay-type":"","overlay-color":"","overlay-opacity":"","overlay-gradient":""},"mobile":{"background-color":"var(--ast-global-color-5)","background-image":"","background-repeat":"repeat","background-position":"center center","background-size":"auto","background-attachment":"scroll","background-type":"","background-media":"","overlay-type":"","overlay-color":"","overlay-opacity":"","overlay-gradient":""}}},"product_brand":[],"product_cat":[44],"product_tag":[64],"class_list":{"0":"post-14308","1":"product","2":"type-product","3":"status-publish","4":"has-post-thumbnail","6":"product_cat-zestawy-hardware","7":"product_tag-produkt-prosty","8":"desktop-align-left","9":"tablet-align-left","10":"mobile-align-left","11":"ast-product-gallery-layout-horizontal-slider","12":"ast-product-gallery-with-no-image","13":"ast-product-tabs-layout-horizontal","15":"first","16":"onbackorder","17":"taxable","18":"shipping-taxable","19":"purchasable","20":"product-type-simple"},"acf":[],"_links":{"self":[{"href":"https:\/\/sklep-plcspace.pl\/en\/wp-json\/wp\/v2\/product\/14308","targetHints":{"allow":["GET"]}}],"collection":[{"href":"https:\/\/sklep-plcspace.pl\/en\/wp-json\/wp\/v2\/product"}],"about":[{"href":"https:\/\/sklep-plcspace.pl\/en\/wp-json\/wp\/v2\/types\/product"}],"replies":[{"embeddable":true,"href":"https:\/\/sklep-plcspace.pl\/en\/wp-json\/wp\/v2\/comments?post=14308"}],"wp:featuredmedia":[{"embeddable":true,"href":"https:\/\/sklep-plcspace.pl\/en\/wp-json\/wp\/v2\/media\/14310"}],"wp:attachment":[{"href":"https:\/\/sklep-plcspace.pl\/en\/wp-json\/wp\/v2\/media?parent=14308"}],"wp:term":[{"taxonomy":"product_brand","embeddable":true,"href":"https:\/\/sklep-plcspace.pl\/en\/wp-json\/wp\/v2\/product_brand?post=14308"},{"taxonomy":"product_cat","embeddable":true,"href":"https:\/\/sklep-plcspace.pl\/en\/wp-json\/wp\/v2\/product_cat?post=14308"},{"taxonomy":"product_tag","embeddable":true,"href":"https:\/\/sklep-plcspace.pl\/en\/wp-json\/wp\/v2\/product_tag?post=14308"}],"curies":[{"name":"wp","href":"https:\/\/api.w.org\/{rel}","templated":true}]}}