{"id":14313,"date":"2024-04-23T06:57:09","date_gmt":"2024-04-23T04:57:09","guid":{"rendered":"https:\/\/sklep-plcspace.pl\/siemens\/simatic-s7-1200-w-zadaniach-jezyk-scl-poziom-podstawowy-copy\/"},"modified":"2025-07-01T12:23:43","modified_gmt":"2025-07-01T10:23:43","slug":"simatic-s7-1200-in-tasks-lingua-franca-basic-14","status":"publish","type":"product","link":"https:\/\/sklep-plcspace.pl\/en\/siemens\/simatic-s7-1200-in-tasks-lingua-franca-basic-14\/","title":{"rendered":"SIMATIC S7-1500 in tasks. STL language. Basic level"},"content":{"rendered":"<p>Ksi\u0105\u017cka &#8222;Simatic S7-1500 w zadaniach \u2013 poziom podstawowy&#8221; skupia si\u0119 na programowaniu sterownik\u00f3w PLC SIMATIC S7-1500 przy u\u017cyciu j\u0119zyka STL, kt\u00f3ry jest g\u0142\u00f3wnym tematem ksi\u0105\u017cki. Autor, b\u0119d\u0105cy zar\u00f3wno programist\u0105, jak i automatykiem, podkre\u015bla, \u017ce programowanie jest jak sztuka, gdzie algorytmy i funkcje pe\u0142ni\u0105 rol\u0119 s\u0142\u00f3w opisuj\u0105cych procesy i operacje. Jego podej\u015bcie \u0142\u0105czy humanistyczne my\u015blenie z informatyk\u0105, promuj\u0105c zar\u00f3wno zdobywanie specjalistycznej wiedzy, jak i jej logiczne uporz\u0105dkowanie.<\/p>\n<p>Ksi\u0105\u017cka odpowiada na potrzeby os\u00f3b, kt\u00f3re po opanowaniu podstaw programowania w j\u0119zyku STL dla sterownik\u00f3w SIMATIC S7-1500 szukaj\u0105 dalszych wyzwa\u0144. Autor proponuje zestaw \u0107wicze\u0144, kt\u00f3re maj\u0105 na celu pog\u0142\u0119bienie i praktyczne zastosowanie zdobytej wiedzy. \u0106wiczenia obejmuj\u0105 r\u00f3\u017cnorodne zagadnienia od podstawowych operacji bitowych po zaawansowane techniki, takie jak pomiar czasu czy obliczanie pierwiastka.<\/p>\n<p>Ksi\u0105\u017cka wykorzystuje platform\u0119 programistyczn\u0105 TIA Portal, co umo\u017cliwia czytelnikowi praktyczne stosowanie teorii na konkretnych przyk\u0142adach. Dodatkowo, do realizacji zada\u0144 mo\u017cna u\u017cywa\u0107 wirtualnej fabryki Factory IO, co zwi\u0119ksza realizm i efektywno\u015b\u0107 nauki. Ka\u017cde zadanie jest szczeg\u00f3\u0142owo opisane, a w przypadku trudno\u015bci czytelnik mo\u017ce skorzysta\u0107 z przyk\u0142adowego rozwi\u0105zania zawartego w materia\u0142ach ksi\u0105\u017cki.<\/p>\n<p>Na zako\u0144czenie ksi\u0105\u017cki znajduj\u0105 si\u0119 zestawy zada\u0144 powt\u00f3rkowych, kt\u00f3re pomagaj\u0105 w utrwaleniu i sprawdzeniu nabytych umiej\u0119tno\u015bci programistycznych. Ksi\u0105\u017cka nie tylko edukuje, ale r\u00f3wnie\u017c motywuje do samodzielnego eksplorowania mo\u017cliwo\u015bci programowania w kontek\u015bcie automatyki przemys\u0142owej, otwieraj\u0105c nowe perspektywy rozwoju zawodowego i kreatywno\u015bci.<\/p>","protected":false},"excerpt":{"rendered":"<p><b>Book details:<\/b><br \/>\n<strong>Author:<\/strong>\u00a0Tomasz Gilewski<br \/>\n<strong>Publisher:<\/strong>\u00a0PLCspace<br \/>\n<strong>Pages:<\/strong> 101<br \/>\n<strong>Print:<\/strong> &#8211;<br \/>\n<strong>Format:<\/strong> e-book<\/p>\n<p>Invoice:\u00a0<strong>Yes<\/strong><br \/>\nVAT PROFORMA:\u00a0<strong>Yes<\/strong><br \/>\nCondition:\u00a0<strong>New<\/strong><\/p>","protected":false},"featured_media":14314,"comment_status":"closed","ping_status":"closed","template":"","meta":{"_acf_changed":false,"inline_featured_image":false,"site-sidebar-layout":"default","site-content-layout":"default","ast-site-content-layout":"default","site-content-style":"default","site-sidebar-style":"default","ast-global-header-display":"","ast-banner-title-visibility":"","ast-main-header-display":"","ast-hfb-above-header-display":"","ast-hfb-below-header-display":"","ast-hfb-mobile-header-display":"","site-post-title":"","ast-breadcrumbs-content":"","ast-featured-img":"","footer-sml-layout":"","theme-transparent-header-meta":"default","adv-header-id-meta":"","stick-header-meta":"default","header-above-stick-meta":"","header-main-stick-meta":"","header-below-stick-meta":"","astra-migrate-meta-layouts":"set","ast-page-background-enabled":"default","ast-page-background-meta":{"desktop":{"background-color":"","background-image":"","background-repeat":"repeat","background-position":"center center","background-size":"auto","background-attachment":"scroll","background-type":"","background-media":"","overlay-type":"","overlay-color":"","overlay-opacity":"","overlay-gradient":""},"tablet":{"background-color":"","background-image":"","background-repeat":"repeat","background-position":"center center","background-size":"auto","background-attachment":"scroll","background-type":"","background-media":"","overlay-type":"","overlay-color":"","overlay-opacity":"","overlay-gradient":""},"mobile":{"background-color":"","background-image":"","background-repeat":"repeat","background-position":"center center","background-size":"auto","background-attachment":"scroll","background-type":"","background-media":"","overlay-type":"","overlay-color":"","overlay-opacity":"","overlay-gradient":""}},"ast-content-background-meta":{"desktop":{"background-color":"var(--ast-global-color-5)","background-image":"","background-repeat":"repeat","background-position":"center center","background-size":"auto","background-attachment":"scroll","background-type":"","background-media":"","overlay-type":"","overlay-color":"","overlay-opacity":"","overlay-gradient":""},"tablet":{"background-color":"var(--ast-global-color-5)","background-image":"","background-repeat":"repeat","background-position":"center center","background-size":"auto","background-attachment":"scroll","background-type":"","background-media":"","overlay-type":"","overlay-color":"","overlay-opacity":"","overlay-gradient":""},"mobile":{"background-color":"var(--ast-global-color-5)","background-image":"","background-repeat":"repeat","background-position":"center center","background-size":"auto","background-attachment":"scroll","background-type":"","background-media":"","overlay-type":"","overlay-color":"","overlay-opacity":"","overlay-gradient":""}}},"product_brand":[],"product_cat":[45],"product_tag":[64],"class_list":{"0":"post-14313","1":"product","2":"type-product","3":"status-publish","4":"has-post-thumbnail","6":"product_cat-ksiazki","7":"product_tag-produkt-prosty","8":"desktop-align-left","9":"tablet-align-left","10":"mobile-align-left","11":"ast-product-gallery-layout-horizontal-slider","12":"ast-product-gallery-with-no-image","13":"ast-product-tabs-layout-horizontal","15":"first","16":"instock","17":"downloadable","18":"virtual","19":"taxable","20":"purchasable","21":"product-type-simple"},"acf":[],"_links":{"self":[{"href":"https:\/\/sklep-plcspace.pl\/en\/wp-json\/wp\/v2\/product\/14313","targetHints":{"allow":["GET"]}}],"collection":[{"href":"https:\/\/sklep-plcspace.pl\/en\/wp-json\/wp\/v2\/product"}],"about":[{"href":"https:\/\/sklep-plcspace.pl\/en\/wp-json\/wp\/v2\/types\/product"}],"replies":[{"embeddable":true,"href":"https:\/\/sklep-plcspace.pl\/en\/wp-json\/wp\/v2\/comments?post=14313"}],"wp:featuredmedia":[{"embeddable":true,"href":"https:\/\/sklep-plcspace.pl\/en\/wp-json\/wp\/v2\/media\/14314"}],"wp:attachment":[{"href":"https:\/\/sklep-plcspace.pl\/en\/wp-json\/wp\/v2\/media?parent=14313"}],"wp:term":[{"taxonomy":"product_brand","embeddable":true,"href":"https:\/\/sklep-plcspace.pl\/en\/wp-json\/wp\/v2\/product_brand?post=14313"},{"taxonomy":"product_cat","embeddable":true,"href":"https:\/\/sklep-plcspace.pl\/en\/wp-json\/wp\/v2\/product_cat?post=14313"},{"taxonomy":"product_tag","embeddable":true,"href":"https:\/\/sklep-plcspace.pl\/en\/wp-json\/wp\/v2\/product_tag?post=14313"}],"curies":[{"name":"wp","href":"https:\/\/api.w.org\/{rel}","templated":true}]}}