{"id":14317,"date":"2024-04-23T08:50:52","date_gmt":"2024-04-23T06:50:52","guid":{"rendered":"https:\/\/sklep-plcspace.pl\/siemens\/simatic-s7-1200-w-zadaniach-jezyk-lad-poziom-podstawowy-copy\/"},"modified":"2025-07-04T11:24:40","modified_gmt":"2025-07-04T09:24:40","slug":"simatic-s7-1200-in-tasks-lingua-franca-basic-15","status":"publish","type":"product","link":"https:\/\/sklep-plcspace.pl\/en\/siemens\/simatic-s7-1200-in-tasks-lingua-franca-basic-15\/","title":{"rendered":"SIMATIC S7-1200 in tasks. LAD language. Advanced level"},"content":{"rendered":"<p>Ksi\u0105\u017cka &#8222;Simatic S7-1200 w zadaniach \u2013 poziom zaawansowany&#8221; jest po\u015bwi\u0119cona programowaniu sterownik\u00f3w PLC SIMATIC S7-1200 w j\u0119zyku LAD, kluczowym narz\u0119dziu w automatyzacji przemys\u0142owej. LAD (Ladder Diagram) jest j\u0119zykiem programowania szeroko stosowanym w sterownikach przemys\u0142owych, umo\u017cliwiaj\u0105cym od prostych operacji po zaawansowane zadania, co zapewnia wszechstronno\u015b\u0107 i wydajno\u015b\u0107 system\u00f3w sterowania.<\/p>\n<p>Ksi\u0105\u017cka podkre\u015bla, \u017ce poszerzenie umiej\u0119tno\u015bci zwi\u0105zanych z programowaniem w j\u0119zyku LAD jest kluczowe dla pe\u0142nego wykorzystania potencja\u0142u sterownik\u00f3w SIMATIC S7-1200. Dzi\u0119ki przeno\u015bno\u015bci j\u0119zyka i jego niezale\u017cno\u015bci od konkretnego sprz\u0119tu, programowanie staje si\u0119 elastyczne i efektywne. Mo\u017cliwo\u015b\u0107 zarz\u0105dzania pami\u0119ci\u0105 oraz kompilacja do niskopoziomowego kodu dodatkowo zwi\u0119kszaj\u0105 wydajno\u015b\u0107 system\u00f3w automatyki.<\/p>\n<p>Autor ksi\u0105\u017cki prezentuje zaawansowane zadania programistyczne wraz z ich rozwi\u0105zaniami, co pozwala czytelnikowi stopniowo rozwija\u0107 umiej\u0119tno\u015bci programowania. Publikacja integruje wiedz\u0119 z zakresu programowania, automatyki oraz \u015brodowiska programistycznego TIA Portal, co jest niezwykle istotne dla praktycznego wykorzystania wiedzy w bran\u017cy.<\/p>\n<p>Czytelnik dzi\u0119ki tej ksi\u0105\u017cce nie tylko lepiej zrozumie programowanie sterownik\u00f3w PLC SIMATIC S7-1200, ale r\u00f3wnie\u017c opanuje zaawansowane techniki w j\u0119zyku LAD. To otwiera przed nim nowe mo\u017cliwo\u015bci zawodowe i edukacyjne w dziedzinie automatyki przemys\u0142owej, pozwalaj\u0105c na projektowanie i zarz\u0105dzanie zaawansowanymi systemami sterowania.<\/p>","protected":false},"excerpt":{"rendered":"<p><b>Book details:<\/b><br \/>\n<strong>Author:<\/strong>\u00a0Tomasz Gilewski<br \/>\n<strong>Publisher:<\/strong>\u00a0PLCspace<br \/>\n<strong>Pages:<\/strong> 288<br \/>\n<strong>Print:<\/strong> &#8211;<br \/>\n<strong>Format:<\/strong> e-book<\/p>\n<p>Invoice:\u00a0<strong>Yes<\/strong><br \/>\nVAT PROFORMA:\u00a0<strong>Yes<\/strong><br \/>\nCondition:\u00a0<strong>New<\/strong><\/p>","protected":false},"featured_media":14319,"comment_status":"closed","ping_status":"closed","template":"","meta":{"_acf_changed":false,"inline_featured_image":false,"site-sidebar-layout":"default","site-content-layout":"default","ast-site-content-layout":"default","site-content-style":"default","site-sidebar-style":"default","ast-global-header-display":"","ast-banner-title-visibility":"","ast-main-header-display":"","ast-hfb-above-header-display":"","ast-hfb-below-header-display":"","ast-hfb-mobile-header-display":"","site-post-title":"","ast-breadcrumbs-content":"","ast-featured-img":"","footer-sml-layout":"","theme-transparent-header-meta":"default","adv-header-id-meta":"","stick-header-meta":"default","header-above-stick-meta":"","header-main-stick-meta":"","header-below-stick-meta":"","astra-migrate-meta-layouts":"set","ast-page-background-enabled":"default","ast-page-background-meta":{"desktop":{"background-color":"","background-image":"","background-repeat":"repeat","background-position":"center center","background-size":"auto","background-attachment":"scroll","background-type":"","background-media":"","overlay-type":"","overlay-color":"","overlay-opacity":"","overlay-gradient":""},"tablet":{"background-color":"","background-image":"","background-repeat":"repeat","background-position":"center center","background-size":"auto","background-attachment":"scroll","background-type":"","background-media":"","overlay-type":"","overlay-color":"","overlay-opacity":"","overlay-gradient":""},"mobile":{"background-color":"","background-image":"","background-repeat":"repeat","background-position":"center center","background-size":"auto","background-attachment":"scroll","background-type":"","background-media":"","overlay-type":"","overlay-color":"","overlay-opacity":"","overlay-gradient":""}},"ast-content-background-meta":{"desktop":{"background-color":"var(--ast-global-color-5)","background-image":"","background-repeat":"repeat","background-position":"center center","background-size":"auto","background-attachment":"scroll","background-type":"","background-media":"","overlay-type":"","overlay-color":"","overlay-opacity":"","overlay-gradient":""},"tablet":{"background-color":"var(--ast-global-color-5)","background-image":"","background-repeat":"repeat","background-position":"center center","background-size":"auto","background-attachment":"scroll","background-type":"","background-media":"","overlay-type":"","overlay-color":"","overlay-opacity":"","overlay-gradient":""},"mobile":{"background-color":"var(--ast-global-color-5)","background-image":"","background-repeat":"repeat","background-position":"center center","background-size":"auto","background-attachment":"scroll","background-type":"","background-media":"","overlay-type":"","overlay-color":"","overlay-opacity":"","overlay-gradient":""}}},"product_brand":[],"product_cat":[45],"product_tag":[64],"class_list":{"0":"post-14317","1":"product","2":"type-product","3":"status-publish","4":"has-post-thumbnail","6":"product_cat-ksiazki","7":"product_tag-produkt-prosty","8":"desktop-align-left","9":"tablet-align-left","10":"mobile-align-left","11":"ast-product-gallery-layout-horizontal-slider","12":"ast-product-gallery-with-no-image","13":"ast-product-tabs-layout-horizontal","15":"first","16":"instock","17":"downloadable","18":"virtual","19":"taxable","20":"purchasable","21":"product-type-simple"},"acf":[],"_links":{"self":[{"href":"https:\/\/sklep-plcspace.pl\/en\/wp-json\/wp\/v2\/product\/14317","targetHints":{"allow":["GET"]}}],"collection":[{"href":"https:\/\/sklep-plcspace.pl\/en\/wp-json\/wp\/v2\/product"}],"about":[{"href":"https:\/\/sklep-plcspace.pl\/en\/wp-json\/wp\/v2\/types\/product"}],"replies":[{"embeddable":true,"href":"https:\/\/sklep-plcspace.pl\/en\/wp-json\/wp\/v2\/comments?post=14317"}],"wp:featuredmedia":[{"embeddable":true,"href":"https:\/\/sklep-plcspace.pl\/en\/wp-json\/wp\/v2\/media\/14319"}],"wp:attachment":[{"href":"https:\/\/sklep-plcspace.pl\/en\/wp-json\/wp\/v2\/media?parent=14317"}],"wp:term":[{"taxonomy":"product_brand","embeddable":true,"href":"https:\/\/sklep-plcspace.pl\/en\/wp-json\/wp\/v2\/product_brand?post=14317"},{"taxonomy":"product_cat","embeddable":true,"href":"https:\/\/sklep-plcspace.pl\/en\/wp-json\/wp\/v2\/product_cat?post=14317"},{"taxonomy":"product_tag","embeddable":true,"href":"https:\/\/sklep-plcspace.pl\/en\/wp-json\/wp\/v2\/product_tag?post=14317"}],"curies":[{"name":"wp","href":"https:\/\/api.w.org\/{rel}","templated":true}]}}