{"id":16864,"date":"2024-05-28T11:44:18","date_gmt":"2024-05-28T09:44:18","guid":{"rendered":"https:\/\/sklep-plcspace.pl\/siemens\/programowanie-plc-od-a-do-z-copy\/"},"modified":"2025-02-15T10:14:05","modified_gmt":"2025-02-15T09:14:05","slug":"plc-programming-from-a-to-z-2","status":"publish","type":"product","link":"https:\/\/sklep-plcspace.pl\/en\/siemens\/plc-programming-from-a-to-z-2\/","title":{"rendered":"Akademia profesjonalist\u00f3w PLC. Zaw\u00f3d przysz\u0142o\u015bci &#8211; Programista PLC."},"content":{"rendered":"<p>### Co otrzymasz po zapisaniu si\u0119 na kurs programowania sterownik\u00f3w PLC?<\/p>\n<p>Nasza oferta kurs\u00f3w programowania sterownik\u00f3w PLC jest oparta na sze\u015bciu kluczowych filarach, kt\u00f3re s\u0105 niezb\u0119dne do opanowania tej profesji. Kursy s\u0105 zaprojektowane tak, aby umo\u017cliwi\u0107 stopniow\u0105 nauk\u0119, zapewniaj\u0105c kompleksowe i efektywne szkolenie.<\/p>\n<p>#### Programowanie<br \/>\nNauczysz si\u0119 podstaw i zaawansowanych technik programowania PLC, w tym programowania sterownik\u00f3w z rodziny Simatic S7 oraz j\u0119zyka graficznego LAD. Kursy skupiaj\u0105 si\u0119 na tworzeniu optymalnego, przejrzystego i niezawodnego kodu, unikaniu typowych b\u0142\u0119d\u00f3w oraz pisaniu czystego kodu.<\/p>\n<p>#### Wizualizacja<br \/>\nPoznasz narz\u0119dzia i techniki wizualizacji, kt\u00f3re umo\u017cliwi\u0105 Ci tworzenie intuicyjnych interfejs\u00f3w u\u017cytkownika dla system\u00f3w automatyki. Nauczysz si\u0119 tworzy\u0107 efektywne systemy wizualizacji proces\u00f3w przemys\u0142owych przy u\u017cyciu narz\u0119dzi takich jak TIA Portal.<\/p>\n<p>#### Komunikacja<br \/>\nZrozumiesz metody komunikacji mi\u0119dzy urz\u0105dzeniami PLC i innymi systemami, co jest kluczowe dla zintegrowanych rozwi\u0105za\u0144 automatyki. Kursy obejmuj\u0105 nauk\u0119 najwa\u017cniejszych protoko\u0142\u00f3w komunikacyjnych stosowanych w automatyce przemys\u0142owej, umo\u017cliwiaj\u0105c p\u0142ynne integrowanie r\u00f3\u017cnych system\u00f3w i urz\u0105dze\u0144.<\/p>\n<p>#### Safety<br \/>\nOpanujesz zasady bezpiecze\u0144stwa w systemach automatyki, aby projektowa\u0107 i utrzymywa\u0107 bezpieczne \u015brodowiska pracy. Nauczysz si\u0119 projektowania i implementacji system\u00f3w safety zgodnych z obowi\u0105zuj\u0105cymi normami, zdobywaj\u0105c wiedz\u0119 na temat zasad bezpiecze\u0144stwa.<\/p>\n<p>#### Technika nap\u0119dowa<br \/>\nDowiesz si\u0119, jak kontrolowa\u0107 i optymalizowa\u0107 nap\u0119dy steruj\u0105ce prac\u0105 silnika w systemach automatyki, zwi\u0119kszaj\u0105c efektywno\u015b\u0107 i precyzj\u0119 dzia\u0142ania. Kursy ucz\u0105, jak optymalnie konfigurowa\u0107 nap\u0119dy do podstawowych aplikacji spotykanych w przemy\u015ble.<\/p>\n<p>#### Diagnostyka<br \/>\nNauczysz si\u0119 technik diagnostyki i rozwi\u0105zywania problem\u00f3w, aby szybko i skutecznie naprawia\u0107 usterki i minimalizowa\u0107 przestoje.<\/p>\n<p>### Kursy dost\u0119pne w ofercie:<\/p>\n<p>&#8211; **Kurs podstawowy programowania w j\u0119zyku LAD &#8211; S7-1500 &#8222;Programowanie od A do Z&#8221;**<br \/>\n&#8211; **Kurs zaawansowany programowania w j\u0119zyku LAD &#8211; S7-1500 &#8222;J\u0119zyk LAD &#8211; Programowanie Zaawansowane&#8221;**<br \/>\n&#8211; **Kurs Wizualizacji &#8222;Wizualizacja krok po kroku&#8221;**<br \/>\n&#8211; **Kurs Komunikacja &#8222;In\u017cynieria komunikacji &#8211; Podstawy&#8221;**<br \/>\n&#8211; **Kurs Safety &#8222;Bezpiecze\u0144stwo na obiekcie&#8221;**<br \/>\n&#8211; **Kurs Techniki nap\u0119dowej &#8222;Poznaj moc SINAMICS V20&#8243;**<br \/>\n&#8211; **Kurs Diagnostyki &#8222;Diagnostyka systemu SIMATIC S7&#8243;**<\/p>\n<p>### Dlaczego warto wybra\u0107 nasz\u0105 ofert\u0119?<\/p>\n<p>&#8211; **Dla pocz\u0105tkuj\u0105cych:** Kurs jest zaprojektowany z my\u015bl\u0105 o osobach z ma\u0142ym lub \u017cadnym do\u015bwiadczeniem w automatyce i programowaniu PLC.<br \/>\n&#8211; **Kompleksowe przygotowanie:** Po uko\u0144czeniu naszego szkolenia b\u0119dziesz w pe\u0142ni przygotowany do pracy jako automatyk i programista PLC.<br \/>\n&#8211; **Praktyczna wiedza:** Oferujemy 80% kluczowych umiej\u0119tno\u015bci i wiedzy najcz\u0119\u015bciej wykorzystywanych w pracy, unikaj\u0105c metody pr\u00f3b i b\u0142\u0119d\u00f3w.<\/p>\n<p>### Pakiety kurs\u00f3w<\/p>\n<p>**STANDARD**<br \/>\n&#8211; Programowanie PLC \u2013 od A do Z: 399 z\u0142<br \/>\n&#8211; J\u0119zyk LAD \u2013 Programowanie Zaawansowane: 399 z\u0142<br \/>\n&#8211; Wizualizacja krok po kroku: 399 z\u0142<br \/>\n&#8211; In\u017cynieria komunikacji \u2013 Podstawy: 479 z\u0142<br \/>\n&#8211; Bezpiecze\u0144stwo na obiekcie: 479 z\u0142<br \/>\n&#8211; Poznaj moc SINAMICS V20: 479 z\u0142<br \/>\n&#8211; Diagnostyka systemu SIMATIC S7: 479 z\u0142<br \/>\n&#8211; **Razem warto\u015b\u0107:** 3113 z\u0142<\/p>\n<p>**PREMIUM**<br \/>\n&#8211; Wszystko to, co w pakiecie STANDARD (3113 z\u0142)<br \/>\n&#8211; Podstawy Automatyki \u2013 Kurs Programisty PLC: 999 z\u0142<br \/>\n&#8211; Ksi\u0105\u017cka \u201cDroga do sukcesu Programisty PLC\u201d: 49 z\u0142<br \/>\n&#8211; Przygotowanie do rozmowy kwalifikacyjnej: 499 z\u0142<br \/>\n&#8211; 30 min \/ tydzie\u0144 \/ x 50 tygodni \u2013 spotkania online z ekspertem: 5200 z\u0142<br \/>\n&#8211; **Razem warto\u015b\u0107:** 9860 z\u0142<\/p>\n<p>**VIP**<br \/>\n&#8211; Wszystko to, co w pakiecie PREMIUM (9860 z\u0142)<br \/>\n&#8211; Ksi\u0105\u017cka \u201cZbi\u00f3r Zada\u0144\u201d: 49 z\u0142<br \/>\n&#8211; Uwagi i wskaz\u00f3wki do prac domowych przez 12 miesi\u0119cy: 2400 z\u0142<br \/>\n&#8211; Szkolenie stacjonarne (9 dni pracy pod okiem ekspert\u00f3w): 7200 z\u0142<br \/>\n&#8211; **Razem warto\u015b\u0107:** 24 006 z\u0142<\/p>\n<p>Do\u0142\u0105cz do nas, aby zdoby\u0107 niezb\u0119dne umiej\u0119tno\u015bci i pewno\u015b\u0107 siebie, kt\u00f3re uczyni\u0105 Ci\u0119 nieocenionym specjalist\u0105 na rynku pracy. Nasze kursy \u0142\u0105cz\u0105 wiedz\u0119 teoretyczn\u0105 z praktycznymi \u0107wiczeniami, umo\u017cliwiaj\u0105c skuteczne przygotowanie do pracy w automatyce przemys\u0142owej.<\/p>","protected":false},"excerpt":{"rendered":"<p>Programowanie PLC w ramach akademii<\/p>","protected":false},"featured_media":22790,"comment_status":"closed","ping_status":"closed","template":"","meta":{"_acf_changed":false,"inline_featured_image":false,"site-sidebar-layout":"default","site-content-layout":"default","ast-site-content-layout":"default","site-content-style":"default","site-sidebar-style":"default","ast-global-header-display":"","ast-banner-title-visibility":"","ast-main-header-display":"","ast-hfb-above-header-display":"","ast-hfb-below-header-display":"","ast-hfb-mobile-header-display":"","site-post-title":"","ast-breadcrumbs-content":"","ast-featured-img":"","footer-sml-layout":"","theme-transparent-header-meta":"default","adv-header-id-meta":"","stick-header-meta":"default","header-above-stick-meta":"","header-main-stick-meta":"","header-below-stick-meta":"","astra-migrate-meta-layouts":"set","ast-page-background-enabled":"default","ast-page-background-meta":{"desktop":{"background-color":"","background-image":"","background-repeat":"repeat","background-position":"center center","background-size":"auto","background-attachment":"scroll","background-type":"","background-media":"","overlay-type":"","overlay-color":"","overlay-opacity":"","overlay-gradient":""},"tablet":{"background-color":"","background-image":"","background-repeat":"repeat","background-position":"center center","background-size":"auto","background-attachment":"scroll","background-type":"","background-media":"","overlay-type":"","overlay-color":"","overlay-opacity":"","overlay-gradient":""},"mobile":{"background-color":"","background-image":"","background-repeat":"repeat","background-position":"center center","background-size":"auto","background-attachment":"scroll","background-type":"","background-media":"","overlay-type":"","overlay-color":"","overlay-opacity":"","overlay-gradient":""}},"ast-content-background-meta":{"desktop":{"background-color":"var(--ast-global-color-5)","background-image":"","background-repeat":"repeat","background-position":"center center","background-size":"auto","background-attachment":"scroll","background-type":"","background-media":"","overlay-type":"","overlay-color":"","overlay-opacity":"","overlay-gradient":""},"tablet":{"background-color":"var(--ast-global-color-5)","background-image":"","background-repeat":"repeat","background-position":"center center","background-size":"auto","background-attachment":"scroll","background-type":"","background-media":"","overlay-type":"","overlay-color":"","overlay-opacity":"","overlay-gradient":""},"mobile":{"background-color":"var(--ast-global-color-5)","background-image":"","background-repeat":"repeat","background-position":"center center","background-size":"auto","background-attachment":"scroll","background-type":"","background-media":"","overlay-type":"","overlay-color":"","overlay-opacity":"","overlay-gradient":""}}},"product_brand":[],"product_cat":[43],"product_tag":[106],"class_list":{"0":"post-16864","1":"product","2":"type-product","3":"status-publish","4":"has-post-thumbnail","6":"product_cat-pakiety-kursow","7":"product_tag-webinar","8":"desktop-align-left","9":"tablet-align-left","10":"mobile-align-left","11":"ast-product-gallery-layout-horizontal-slider","12":"ast-product-single-variable","13":"ast-product-tabs-layout-horizontal","15":"first","16":"instock","17":"sale","18":"taxable","19":"shipping-taxable","20":"purchasable","21":"product-type-variable","22":"has-default-attributes"},"acf":[],"_links":{"self":[{"href":"https:\/\/sklep-plcspace.pl\/en\/wp-json\/wp\/v2\/product\/16864","targetHints":{"allow":["GET"]}}],"collection":[{"href":"https:\/\/sklep-plcspace.pl\/en\/wp-json\/wp\/v2\/product"}],"about":[{"href":"https:\/\/sklep-plcspace.pl\/en\/wp-json\/wp\/v2\/types\/product"}],"replies":[{"embeddable":true,"href":"https:\/\/sklep-plcspace.pl\/en\/wp-json\/wp\/v2\/comments?post=16864"}],"wp:featuredmedia":[{"embeddable":true,"href":"https:\/\/sklep-plcspace.pl\/en\/wp-json\/wp\/v2\/media\/22790"}],"wp:attachment":[{"href":"https:\/\/sklep-plcspace.pl\/en\/wp-json\/wp\/v2\/media?parent=16864"}],"wp:term":[{"taxonomy":"product_brand","embeddable":true,"href":"https:\/\/sklep-plcspace.pl\/en\/wp-json\/wp\/v2\/product_brand?post=16864"},{"taxonomy":"product_cat","embeddable":true,"href":"https:\/\/sklep-plcspace.pl\/en\/wp-json\/wp\/v2\/product_cat?post=16864"},{"taxonomy":"product_tag","embeddable":true,"href":"https:\/\/sklep-plcspace.pl\/en\/wp-json\/wp\/v2\/product_tag?post=16864"}],"curies":[{"name":"wp","href":"https:\/\/api.w.org\/{rel}","templated":true}]}}