{"id":34677,"date":"2025-05-07T07:02:04","date_gmt":"2025-05-07T05:02:04","guid":{"rendered":"https:\/\/sklep-plcspace.pl\/?post_type=product&#038;p=34677"},"modified":"2026-02-16T15:21:45","modified_gmt":"2026-02-16T14:21:45","slug":"zrozumiec-automatyke-przewodnik-dla-zielonych","status":"publish","type":"product","link":"https:\/\/sklep-plcspace.pl\/en\/siemens\/zrozumiec-automatyke-przewodnik-dla-zielonych\/","title":{"rendered":"Zrozumie\u0107 Automatyk\u0119 &#8211; Przewodnik dla Zielonych"},"content":{"rendered":"<p>## Co otrzymasz po zapisaniu si\u0119 na kurs?<\/p>\n<p>Kurs programowania sterownik\u00f3w PLC oferuje kompleksowe wprowadzenie do automatyki przemys\u0142owej z perspektywy programisty PLC. Jego celem jest przyst\u0119pne przekazanie podstaw automatyki, umo\u017cliwiaj\u0105ce samodzieln\u0105 prac\u0119 w tej dziedzinie. Szkolenie obejmuje:<\/p>\n<p>#### Zawarto\u015b\u0107 kursu:<br \/>\n&#8211; **Ponad 112 godzin nagra\u0144 wideo w jako\u015bci HD**<br \/>\n&#8211; **Materia\u0142y dodatkowe**<\/p>\n<p>#### Modu\u0142y kursu:<br \/>\n1. **Podstawy Automatyki &#8211; Kurs Programisty PLC**<br \/>\n&#8211; **Wprowadzenie**: Definicje, skr\u00f3ty, normy w automatyce.<br \/>\n&#8211; **Historia automatyki**: Zastosowania, rozw\u00f3j i interdyscyplinarna wiedza.<br \/>\n&#8211; **Podstawowe poj\u0119cia**: Systemy sterowania, wielko\u015bci wej\u015bciowe i wyj\u015bciowe, uk\u0142ady steruj\u0105ce.<br \/>\n&#8211; **SITOP**: Zasilacze, modele, zastosowania.<br \/>\n&#8211; **Zasilanie i diagnostyka obwod\u00f3w 24 VDC**: Funkcje diagnostyczne, zabezpieczenia selektywne, konfiguracje obwod\u00f3w.<br \/>\n&#8211; **SENTRON &#8211; Aparatura \u0142\u0105czeniowa**: \u0141\u0105czniki, roz\u0142\u0105czniki, styczniki, zegary steruj\u0105ce, lampki sygnalizacyjne.<br \/>\n&#8211; **SENTRON &#8211; Ograniczniki przepi\u0119\u0107**: Przyczyny, skutki, klasyfikacja, dob\u00f3r.<br \/>\n&#8211; **SENTRON &#8211; Wy\u0142\u0105czniki kompaktowe**: Budowa, zasady dzia\u0142ania, konfiguracja.<br \/>\n&#8211; **SENTRON &#8211; Wy\u0142\u0105czniki nadpr\u0105dowe**: Budowa, zasady dzia\u0142ania, parametry.<br \/>\n&#8211; **SIRIUS ACT**: Urz\u0105dzenia steruj\u0105ce i sygnalizacyjne, budowa, akcesoria.<br \/>\n&#8211; **SIRIUS Wy\u0142\u0105czniki kra\u0144cowe**: Wy\u0142\u0105czniki pozycyjne, modu\u0142owe, magnetyczne, RFID, monta\u017c, dob\u00f3r.<br \/>\n&#8211; **Systemy identyfikacji optycznej SIMATIC MV**: Zasady dzia\u0142ania, typy kod\u00f3w, licencje, akcesoria.<br \/>\n&#8211; **Systemy RFID**: Technologia RFID, zasady dzia\u0142ania, zastosowania.<br \/>\n&#8211; **Systemy wizyjne**: Integracja, mo\u017cliwo\u015bci, techniczne szczeg\u00f3\u0142y.<br \/>\n&#8211; **SIRIUS styczniki**: Typy, zakresy pr\u0105dowe, systemy modu\u0142owe, akcesoria.<br \/>\n&#8211; **Podstawy techniki nap\u0119dowej**: Regulacja przep\u0142ywu, zu\u017cycie energii, przekszta\u0142tniki cz\u0119stotliwo\u015bci.<br \/>\n&#8211; **Systemy serwo &#8211; MicroDrive**: Portfolio, elementy nap\u0119du, certyfikaty, zastosowania.<br \/>\n&#8211; **Nap\u0119dy w systemach intralogistycznych**: Motoreduktory SIMOGEAR, przemienniki cz\u0119stotliwo\u015bci SINAMICS.<br \/>\n&#8211; **Sinamics G120C**: Przekszta\u0142tniki cz\u0119stotliwo\u015bci, przeci\u0105\u017ceniowo\u015b\u0107, funkcje bezpiecze\u0144stwa.<br \/>\n&#8211; **Programowalne przeka\u017aniki bezpiecze\u0144stwa 3SK2**: Jednostki podstawowe, komunikacja, modu\u0142y wyj\u015b\u0107, oprogramowanie.<br \/>\n&#8211; **SIRIUS Wy\u0142\u0105czniki Silnikowe**: Definicja, typy, zastosowania, systemy monta\u017cowe, szyny zbiorcze, akcesoria.<br \/>\n&#8211; **SIRIUS Softstarty 3RW**: \u0141agodny rozruch, podstawowe i zaawansowane funkcje, integracja z TIA Portal.<br \/>\n&#8211; **SIRIUS Motostartery 3RM**: Typy, zastosowania, technika hybrydowa, systemy bezpiecznikowe.<br \/>\n&#8211; **Switche przemys\u0142owe SCALANCE X**: Zarz\u0105dzalne, niezarz\u0105dzalne, mediakonwertery, Power over Ethernet.<br \/>\n&#8211; **Aparatura pomiarowa**: Pomiar energii, nowe produkty PAC3120 i PAC3220, liczniki energii, analizatory.<br \/>\n&#8211; **Sterowniki PLC**: Portfolio S7-1200, SIMATIC IPC, programowanie, konfiguracja, przyk\u0142ady zastosowa\u0144.<br \/>\n&#8211; **Narz\u0119dzia Programistyczne**: PLCsim Advanced, symulacja sterownik\u00f3w, nowo\u015bci sprz\u0119towe.<br \/>\n&#8211; **Wizualizacja**: Panele SIMATIC HMI, systemy WinCC Unified, konfiguracja, licencjonowanie.<br \/>\n&#8211; **Systemy rozproszonych wej\u015b\u0107 i wyj\u015b\u0107 ET200**: Konstrukcja, typy modu\u0142\u00f3w, inteligencja w modu\u0142ach interfejs\u00f3w.<br \/>\n&#8211; **Komunikacja**: Sieci komunikacyjne Ethernet-Profinet, technologia okablowania Industrial Ethernet.<br \/>\n&#8211; **AS-i**: System AS-i, konfiguracja komponent\u00f3w, zasilacze, wyb\u00f3r slave\u2019\u00f3w.<br \/>\n&#8211; **IO-Link**: System IO-Link, komponenty, parametry transmisji, oszcz\u0119dno\u015b\u0107 miejsca.<\/p>\n<p>Kurs oferuje praktyczne podej\u015bcie, \u0142\u0105cz\u0105c teori\u0119 z \u0107wiczeniami w realistycznych warunkach, co pozwala na zdobycie niezb\u0119dnych umiej\u0119tno\u015bci do pracy jako programista PLC. Szkolenie jest dost\u0119pne bez konieczno\u015bci wyjazd\u00f3w, co oszcz\u0119dza czas i pieni\u0105dze, a tak\u017ce umo\u017cliwia nauk\u0119 w dogodnym tempie.<\/p>","protected":false},"excerpt":{"rendered":"<p>## Co otrzymasz po zapisaniu si\u0119 na kurs? Kurs programowania sterownik\u00f3w PLC oferuje kompleksowe wprowadzenie do automatyki przemys\u0142owej z perspektywy programisty PLC. Jego celem jest przyst\u0119pne przekazanie podstaw automatyki, umo\u017cliwiaj\u0105ce samodzieln\u0105 prac\u0119 w tej dziedzinie. Szkolenie obejmuje: #### Zawarto\u015b\u0107 kursu: &#8211; **Ponad 112 godzin nagra\u0144 wideo w jako\u015bci HD** &#8211; **Materia\u0142y dodatkowe** #### Modu\u0142y kursu: [&hellip;]<\/p>","protected":false},"featured_media":29486,"comment_status":"closed","ping_status":"closed","template":"","meta":{"_acf_changed":false,"inline_featured_image":false,"site-sidebar-layout":"default","site-content-layout":"default","ast-site-content-layout":"default","site-content-style":"default","site-sidebar-style":"default","ast-global-header-display":"","ast-banner-title-visibility":"","ast-main-header-display":"","ast-hfb-above-header-display":"","ast-hfb-below-header-display":"","ast-hfb-mobile-header-display":"","site-post-title":"","ast-breadcrumbs-content":"","ast-featured-img":"","footer-sml-layout":"","theme-transparent-header-meta":"default","adv-header-id-meta":"","stick-header-meta":"default","header-above-stick-meta":"","header-main-stick-meta":"","header-below-stick-meta":"","astra-migrate-meta-layouts":"set","ast-page-background-enabled":"default","ast-page-background-meta":{"desktop":{"background-color":"","background-image":"","background-repeat":"repeat","background-position":"center center","background-size":"auto","background-attachment":"scroll","background-type":"","background-media":"","overlay-type":"","overlay-color":"","overlay-opacity":"","overlay-gradient":""},"tablet":{"background-color":"","background-image":"","background-repeat":"repeat","background-position":"center center","background-size":"auto","background-attachment":"scroll","background-type":"","background-media":"","overlay-type":"","overlay-color":"","overlay-opacity":"","overlay-gradient":""},"mobile":{"background-color":"","background-image":"","background-repeat":"repeat","background-position":"center center","background-size":"auto","background-attachment":"scroll","background-type":"","background-media":"","overlay-type":"","overlay-color":"","overlay-opacity":"","overlay-gradient":""}},"ast-content-background-meta":{"desktop":{"background-color":"var(--ast-global-color-5)","background-image":"","background-repeat":"repeat","background-position":"center center","background-size":"auto","background-attachment":"scroll","background-type":"","background-media":"","overlay-type":"","overlay-color":"","overlay-opacity":"","overlay-gradient":""},"tablet":{"background-color":"var(--ast-global-color-5)","background-image":"","background-repeat":"repeat","background-position":"center center","background-size":"auto","background-attachment":"scroll","background-type":"","background-media":"","overlay-type":"","overlay-color":"","overlay-opacity":"","overlay-gradient":""},"mobile":{"background-color":"var(--ast-global-color-5)","background-image":"","background-repeat":"repeat","background-position":"center center","background-size":"auto","background-attachment":"scroll","background-type":"","background-media":"","overlay-type":"","overlay-color":"","overlay-opacity":"","overlay-gradient":""}}},"product_brand":[],"product_cat":[105,74],"product_tag":[67],"class_list":{"0":"post-34677","1":"product","2":"type-product","3":"status-publish","4":"has-post-thumbnail","6":"product_cat-automatyka","7":"product_cat-promocja","8":"product_tag-produkt-pendrive","9":"desktop-align-left","10":"tablet-align-left","11":"mobile-align-left","12":"ast-product-gallery-layout-horizontal-slider","13":"ast-product-gallery-with-no-image","14":"ast-product-single-variable","15":"ast-product-tabs-layout-horizontal","17":"first","18":"instock","19":"sale","20":"taxable","21":"shipping-taxable","22":"purchasable","23":"product-type-variable","24":"has-default-attributes"},"acf":[],"_links":{"self":[{"href":"https:\/\/sklep-plcspace.pl\/en\/wp-json\/wp\/v2\/product\/34677","targetHints":{"allow":["GET"]}}],"collection":[{"href":"https:\/\/sklep-plcspace.pl\/en\/wp-json\/wp\/v2\/product"}],"about":[{"href":"https:\/\/sklep-plcspace.pl\/en\/wp-json\/wp\/v2\/types\/product"}],"replies":[{"embeddable":true,"href":"https:\/\/sklep-plcspace.pl\/en\/wp-json\/wp\/v2\/comments?post=34677"}],"wp:featuredmedia":[{"embeddable":true,"href":"https:\/\/sklep-plcspace.pl\/en\/wp-json\/wp\/v2\/media\/29486"}],"wp:attachment":[{"href":"https:\/\/sklep-plcspace.pl\/en\/wp-json\/wp\/v2\/media?parent=34677"}],"wp:term":[{"taxonomy":"product_brand","embeddable":true,"href":"https:\/\/sklep-plcspace.pl\/en\/wp-json\/wp\/v2\/product_brand?post=34677"},{"taxonomy":"product_cat","embeddable":true,"href":"https:\/\/sklep-plcspace.pl\/en\/wp-json\/wp\/v2\/product_cat?post=34677"},{"taxonomy":"product_tag","embeddable":true,"href":"https:\/\/sklep-plcspace.pl\/en\/wp-json\/wp\/v2\/product_tag?post=34677"}],"curies":[{"name":"wp","href":"https:\/\/api.w.org\/{rel}","templated":true}]}}