{"id":3771,"date":"2022-11-30T16:52:46","date_gmt":"2022-11-30T15:52:46","guid":{"rendered":"https:\/\/sklep-plcspace.pl\/siemens\/to-takie-proste-copy\/"},"modified":"2026-02-13T12:40:16","modified_gmt":"2026-02-13T11:40:16","slug":"think-differently-program-the-plc","status":"publish","type":"product","link":"https:\/\/sklep-plcspace.pl\/en\/siemens\/think-differently-program-the-plc\/","title":{"rendered":"Think differently - program the PLC"},"content":{"rendered":"<p>### Co Otrzymasz po Zapisaniu Si\u0119 na Kurs Programowania Automatyki Przemys\u0142owej?<\/p>\n<p>&nbsp;<\/p>\n<p>Nie martw si\u0119, \u017ce kurs b\u0119dzie zbyt skomplikowany. Nasz program ma na celu oswoi\u0107 Ci\u0119 z podstawami PLC. W ramach szkolenia otrzymasz dost\u0119p do gotowych materia\u0142\u00f3w, kt\u00f3re mo\u017cesz przegl\u0105da\u0107 w dowolnym momencie. Oto, co dok\u0142adnie oferujemy:<\/p>\n<p>&nbsp;<\/p>\n<p>### G\u0142\u00f3wne Korzy\u015bci Kursu<\/p>\n<p>&nbsp;<\/p>\n<p>&#8211; **Ponad 19 godzin nagra\u0144 wideo w wysokiej jako\u015bci:** Filmy mo\u017cesz ogl\u0105da\u0107 bez \u017cadnych ogranicze\u0144, co pozwala na wielokrotne utrwalanie wiedzy i samodzielne rozwi\u0105zywanie problem\u00f3w. Ka\u017cda czynno\u015b\u0107 wykonywana przez prowadz\u0105cego jest dok\u0142adnie widoczna.<\/p>\n<p>&nbsp;<\/p>\n<p>&#8211; **Projekty w \u015brodowisku TIA Portal:** Podczas kursu wykonasz projekty, kt\u00f3re pozwol\u0105 Ci zapozna\u0107 si\u0119 z pe\u0142n\u0105 funkcjonalno\u015bci\u0105 TIA Portal oraz zdoby\u0107 solidn\u0105 wiedz\u0119 o modu\u0142ach PLC firmy Siemens.<\/p>\n<p>&nbsp;<\/p>\n<p>### Kurs &#8222;My\u015bl Inaczej &#8211; Programuj PLC&#8221;<\/p>\n<p>&nbsp;<\/p>\n<p>Je\u015bli zastanawiasz si\u0119, czy programowanie PLC jest dla Ciebie, i nigdy nie mia\u0142e\u015b do czynienia ze sterownikami przemys\u0142owymi, ten kurs jest idealny. Skupiamy si\u0119 na popularnym sterowniku Siemens SIMATIC S7-300, znanym z du\u017cej elastyczno\u015bci i modu\u0142owej budowy, idealnym do projektowania uk\u0142ad\u00f3w autonomicznych i rozproszonych.<\/p>\n<p>&nbsp;<\/p>\n<p>### O Kursie Programowania Sterownik\u00f3w PLC Siemens SIMATIC S7-300<\/p>\n<p>&nbsp;<\/p>\n<p>Kurs wyja\u015bnia podstawy automatyki i programowania PLC, wykorzystuj\u0105c sterownik rodziny S7-300 oraz \u015brodowisko programistyczne TIA Portal. Nauczysz si\u0119 pod\u0142\u0105cza\u0107 sprz\u0119t elektryczny, instalowa\u0107 oprogramowanie i programowa\u0107 sterowniki PLC. Zdob\u0119dziesz wiedz\u0119 teoretyczn\u0105 i praktyczn\u0105, niezb\u0119dn\u0105 w automatyce przemys\u0142owej.<\/p>\n<p>&nbsp;<\/p>\n<p>### Dlaczego Warto Wybra\u0107 Nasz Kurs?<\/p>\n<p>&nbsp;<\/p>\n<p>&#8211; **Autorska Metoda Nauczania:** Kurs jest opracowany wed\u0142ug sprawdzonej metody, opartej na wieloletnim do\u015bwiadczeniu. Lekcje s\u0105 logicznie u\u0142o\u017cone, z naciskiem na praktyk\u0119.<\/p>\n<p>&nbsp;<\/p>\n<p>&#8211; **Kompatybilno\u015b\u0107 z Systemami Operacyjnymi:** Kurs mo\u017cesz realizowa\u0107 na ka\u017cdym komputerze z systemem Windows, bez potrzeby inwestowania w nowy sprz\u0119t.<\/p>\n<p>&nbsp;<\/p>\n<p>&#8211; **Bez Dodatkowych Koszt\u00f3w:** Nie musisz kupowa\u0107 dodatkowego sprz\u0119tu ani oprogramowania. Kurs jest realizowany na rzeczywistym sprz\u0119cie oraz wirtualnym symulatorze PLCsim.<\/p>\n<p>&nbsp;<\/p>\n<p>&#8211; **Darmowe Oprogramowanie:** Ca\u0142y kurs realizujesz w \u015brodowisku TIA Portal, kt\u00f3re mo\u017cesz pobra\u0107 i u\u017cywa\u0107 bezp\u0142atnie przez 21 dni.<\/p>\n<p>&nbsp;<\/p>\n<p>&#8211; **Elastyczno\u015b\u0107:** Mo\u017cesz \u0107wiczy\u0107 w dowolnym miejscu i czasie, na w\u0142asnym &#8222;stanowisku szkoleniowym&#8221;.<\/p>\n<p>&nbsp;<\/p>\n<p>&#8211; **Praktyczna Wiedza:** Nauczysz si\u0119 konfigurowa\u0107 i kodowa\u0107 przy u\u017cyciu sterownika PLC Siemens SIMATIC S7-300, idealnego dla pocz\u0105tkuj\u0105cych i bardziej zaawansowanych aplikacji.<\/p>\n<p>&nbsp;<\/p>\n<p>&#8211; **J\u0119zyk Programowania LAD:** Uczysz si\u0119 pisa\u0107 kod w j\u0119zyku drabinkowym (LAD), kt\u00f3ry jest graficzny i bardzo przyst\u0119pny dla pocz\u0105tkuj\u0105cych.<\/p>\n<p>&nbsp;<\/p>\n<p>&#8211; **Nie Musisz Notowa\u0107:** Kurs jest dost\u0119pny online, z nielimitowanym dost\u0119pem do materia\u0142\u00f3w.<\/p>\n<p>&nbsp;<\/p>\n<p>&#8211; **Praca w Wirtualnej Fabryce:** Narz\u0119dzie Sorting by Height (Advanced) przenosi Ci\u0119 do wirtualnego zak\u0142adu przemys\u0142owego, gdzie w czasie rzeczywistym testujesz napisany kod programu.<\/p>\n<p>&nbsp;<\/p>\n<p>### Program Kursu<\/p>\n<p>&nbsp;<\/p>\n<p>Szkolenie obejmuje nauk\u0119 programowania sterownik\u00f3w Siemens SIMATIC S7-300 w j\u0119zyku drabinkowym LAD oraz SCL, z naciskiem na LAD, kt\u00f3ry jest u\u017cywany w 90% przypadk\u00f3w i jest bardzo przyst\u0119pny dla pocz\u0105tkuj\u0105cych. Dowiesz si\u0119, jak:<\/p>\n<p>&nbsp;<\/p>\n<p>&#8211; **Pod\u0142\u0105cza\u0107 sprz\u0119t elektryczny i instalowa\u0107 oprogramowanie.**<\/p>\n<p>&#8211; **Programowa\u0107 sterowniki PLC, korzystaj\u0105c z fundamentalnych instrukcji programistycznych.**<\/p>\n<p>&#8211; **Konfigurowa\u0107 i kodowa\u0107 w \u015brodowisku TIA Portal.**<\/p>\n<p>&#8211; **Rozwi\u0105zywa\u0107 problemy za pomoc\u0105 symulatora PLCsim.**<\/p>\n<p>&nbsp;<\/p>\n<p>Sterowniki Siemens S7-300 s\u0105 szeroko stosowane w przemy\u015ble motoryzacyjnym, maszynowym, spo\u017cywczym, chemicznym oraz w automatyzacji budynk\u00f3w i in\u017cynierii procesowej. Po kursie b\u0119dziesz m\u00f3g\u0142 zaskoczy\u0107 pracodawc\u0119 swoj\u0105 wiedz\u0105 i praktycznymi umiej\u0119tno\u015bciami, kt\u00f3re nie ograniczaj\u0105 si\u0119 tylko do teorii.<\/p>\n<p>&nbsp;<\/p>\n<p>Przekonaj si\u0119, \u017ce programowanie sterownik\u00f3w logicznych PLC w j\u0119zyku LAD nie jest tak trudne, jak si\u0119 wydaje. Po uko\u0144czeniu kursu zwi\u0119kszysz swoje kwalifikacje i zyskasz szans\u0119 na wymarzon\u0105 prac\u0119 w automatyce przemys\u0142owej.<\/p>","protected":false},"excerpt":{"rendered":"<p>PLC programming - without secrets- Siemens PLC programming course. Basic level Step7<\/p>","protected":false},"featured_media":7108,"comment_status":"closed","ping_status":"closed","template":"","meta":{"_acf_changed":false,"inline_featured_image":false,"site-sidebar-layout":"default","site-content-layout":"default","ast-site-content-layout":"default","site-content-style":"default","site-sidebar-style":"default","ast-global-header-display":"","ast-banner-title-visibility":"","ast-main-header-display":"","ast-hfb-above-header-display":"","ast-hfb-below-header-display":"","ast-hfb-mobile-header-display":"","site-post-title":"","ast-breadcrumbs-content":"","ast-featured-img":"","footer-sml-layout":"","theme-transparent-header-meta":"default","adv-header-id-meta":"","stick-header-meta":"default","header-above-stick-meta":"","header-main-stick-meta":"","header-below-stick-meta":"","astra-migrate-meta-layouts":"set","ast-page-background-enabled":"default","ast-page-background-meta":{"desktop":{"background-color":"","background-image":"","background-repeat":"repeat","background-position":"center center","background-size":"auto","background-attachment":"scroll","background-type":"","background-media":"","overlay-type":"","overlay-color":"","overlay-opacity":"","overlay-gradient":""},"tablet":{"background-color":"","background-image":"","background-repeat":"repeat","background-position":"center center","background-size":"auto","background-attachment":"scroll","background-type":"","background-media":"","overlay-type":"","overlay-color":"","overlay-opacity":"","overlay-gradient":""},"mobile":{"background-color":"","background-image":"","background-repeat":"repeat","background-position":"center center","background-size":"auto","background-attachment":"scroll","background-type":"","background-media":"","overlay-type":"","overlay-color":"","overlay-opacity":"","overlay-gradient":""}},"ast-content-background-meta":{"desktop":{"background-color":"var(--ast-global-color-5)","background-image":"","background-repeat":"repeat","background-position":"center center","background-size":"auto","background-attachment":"scroll","background-type":"","background-media":"","overlay-type":"","overlay-color":"","overlay-opacity":"","overlay-gradient":""},"tablet":{"background-color":"var(--ast-global-color-5)","background-image":"","background-repeat":"repeat","background-position":"center center","background-size":"auto","background-attachment":"scroll","background-type":"","background-media":"","overlay-type":"","overlay-color":"","overlay-opacity":"","overlay-gradient":""},"mobile":{"background-color":"var(--ast-global-color-5)","background-image":"","background-repeat":"repeat","background-position":"center center","background-size":"auto","background-attachment":"scroll","background-type":"","background-media":"","overlay-type":"","overlay-color":"","overlay-opacity":"","overlay-gradient":""}}},"product_brand":[],"product_cat":[37],"product_tag":[67],"class_list":{"0":"post-3771","1":"product","2":"type-product","3":"status-publish","4":"has-post-thumbnail","6":"product_cat-programowanie","7":"product_tag-produkt-pendrive","8":"desktop-align-left","9":"tablet-align-left","10":"mobile-align-left","11":"ast-product-gallery-layout-horizontal-slider","12":"ast-product-single-variable","13":"ast-product-tabs-layout-horizontal","15":"first","16":"instock","17":"taxable","18":"shipping-taxable","19":"purchasable","20":"product-type-variable","21":"has-default-attributes"},"acf":[],"_links":{"self":[{"href":"https:\/\/sklep-plcspace.pl\/en\/wp-json\/wp\/v2\/product\/3771","targetHints":{"allow":["GET"]}}],"collection":[{"href":"https:\/\/sklep-plcspace.pl\/en\/wp-json\/wp\/v2\/product"}],"about":[{"href":"https:\/\/sklep-plcspace.pl\/en\/wp-json\/wp\/v2\/types\/product"}],"replies":[{"embeddable":true,"href":"https:\/\/sklep-plcspace.pl\/en\/wp-json\/wp\/v2\/comments?post=3771"}],"wp:featuredmedia":[{"embeddable":true,"href":"https:\/\/sklep-plcspace.pl\/en\/wp-json\/wp\/v2\/media\/7108"}],"wp:attachment":[{"href":"https:\/\/sklep-plcspace.pl\/en\/wp-json\/wp\/v2\/media?parent=3771"}],"wp:term":[{"taxonomy":"product_brand","embeddable":true,"href":"https:\/\/sklep-plcspace.pl\/en\/wp-json\/wp\/v2\/product_brand?post=3771"},{"taxonomy":"product_cat","embeddable":true,"href":"https:\/\/sklep-plcspace.pl\/en\/wp-json\/wp\/v2\/product_cat?post=3771"},{"taxonomy":"product_tag","embeddable":true,"href":"https:\/\/sklep-plcspace.pl\/en\/wp-json\/wp\/v2\/product_tag?post=3771"}],"curies":[{"name":"wp","href":"https:\/\/api.w.org\/{rel}","templated":true}]}}