{"id":38398,"date":"2025-07-27T07:34:27","date_gmt":"2025-07-27T05:34:27","guid":{"rendered":"https:\/\/sklep-plcspace.pl\/?post_type=product&#038;p=38398"},"modified":"2026-04-15T21:14:15","modified_gmt":"2026-04-15T19:14:15","slug":"od-zera-do-programisty-plc","status":"publish","type":"product","link":"https:\/\/sklep-plcspace.pl\/en\/siemens\/od-zera-do-programisty-plc\/","title":{"rendered":"Od zera do programisty PLC"},"content":{"rendered":"<p>Zanurz si\u0119 w fascynuj\u0105cym \u015bwiecie programowania sterownik\u00f3w PLC z naszym kursem. Odkryj tajniki <a href=\"https:\/\/sklep-plcspace.pl\/en\/blog\/czym-jest-jezyk-scl\/?wmc-currency=EUR\">j\u0119zyka SCL<\/a> i zyskaj umiej\u0119tno\u015bci potrzebne do tworzenia zaawansowanych aplikacji przemys\u0142owych. Ten kurs zapewni Ci praktyczne do\u015bwiadczenie poprzez interaktywne \u0107wiczenia, realistyczne projekty i precyzyjne instrukcje. Po zako\u0144czeniu kursu b\u0119dziesz pewny swoich umiej\u0119tno\u015bci w obszarze programowania PLC SIMATIC S7-1500 i gotowy do podj\u0119cia nowych wyzwa\u0144 w \u015bwiecie automatyki przemys\u0142owej.<\/p>","protected":false},"excerpt":{"rendered":"<p>ornare, enim ut eleifend laoreet, felis enim venenatis magna, lobortis dictum ipsum tortor nec neque. Integer fringilla, leo a luctus maximus, augue enim pellentesque dolor, et aliquet mi velit id urna. Nulla facilisi. Nulla nunc nisl, facilisis quis sodales vitae, eleifend eget odio. Aliquam sed dui sit amet dui pellentesque dictum et ac eros. Pellentesque tristique mauris lectus, nec vestibulum sapien rhoncus vel. Sed sodales risus eu ipsum mollis, non blandit velit aliquet.<\/p>","protected":false},"featured_media":38604,"comment_status":"closed","ping_status":"closed","template":"","meta":{"_acf_changed":false,"inline_featured_image":false,"site-sidebar-layout":"default","site-content-layout":"default","ast-site-content-layout":"default","site-content-style":"default","site-sidebar-style":"default","ast-global-header-display":"","ast-banner-title-visibility":"","ast-main-header-display":"","ast-hfb-above-header-display":"","ast-hfb-below-header-display":"","ast-hfb-mobile-header-display":"","site-post-title":"","ast-breadcrumbs-content":"","ast-featured-img":"","footer-sml-layout":"","theme-transparent-header-meta":"default","adv-header-id-meta":"","stick-header-meta":"default","header-above-stick-meta":"","header-main-stick-meta":"","header-below-stick-meta":"","astra-migrate-meta-layouts":"set","ast-page-background-enabled":"default","ast-page-background-meta":{"desktop":{"background-color":"","background-image":"","background-repeat":"repeat","background-position":"center center","background-size":"auto","background-attachment":"scroll","background-type":"","background-media":"","overlay-type":"","overlay-color":"","overlay-opacity":"","overlay-gradient":""},"tablet":{"background-color":"","background-image":"","background-repeat":"repeat","background-position":"center center","background-size":"auto","background-attachment":"scroll","background-type":"","background-media":"","overlay-type":"","overlay-color":"","overlay-opacity":"","overlay-gradient":""},"mobile":{"background-color":"","background-image":"","background-repeat":"repeat","background-position":"center center","background-size":"auto","background-attachment":"scroll","background-type":"","background-media":"","overlay-type":"","overlay-color":"","overlay-opacity":"","overlay-gradient":""}},"ast-content-background-meta":{"desktop":{"background-color":"var(--ast-global-color-5)","background-image":"","background-repeat":"repeat","background-position":"center center","background-size":"auto","background-attachment":"scroll","background-type":"","background-media":"","overlay-type":"","overlay-color":"","overlay-opacity":"","overlay-gradient":""},"tablet":{"background-color":"var(--ast-global-color-5)","background-image":"","background-repeat":"repeat","background-position":"center center","background-size":"auto","background-attachment":"scroll","background-type":"","background-media":"","overlay-type":"","overlay-color":"","overlay-opacity":"","overlay-gradient":""},"mobile":{"background-color":"var(--ast-global-color-5)","background-image":"","background-repeat":"repeat","background-position":"center center","background-size":"auto","background-attachment":"scroll","background-type":"","background-media":"","overlay-type":"","overlay-color":"","overlay-opacity":"","overlay-gradient":""}}},"product_brand":[],"product_cat":[37],"product_tag":[67],"class_list":{"0":"post-38398","1":"product","2":"type-product","3":"status-publish","4":"has-post-thumbnail","6":"product_cat-programowanie","7":"product_tag-produkt-pendrive","8":"desktop-align-left","9":"tablet-align-left","10":"mobile-align-left","11":"ast-product-gallery-layout-horizontal-slider","12":"ast-product-gallery-with-no-image","13":"ast-product-single-variable","14":"ast-product-tabs-layout-horizontal","16":"first","17":"instock","18":"taxable","19":"shipping-taxable","20":"purchasable","21":"product-type-variable","22":"has-default-attributes"},"acf":[],"_links":{"self":[{"href":"https:\/\/sklep-plcspace.pl\/en\/wp-json\/wp\/v2\/product\/38398","targetHints":{"allow":["GET"]}}],"collection":[{"href":"https:\/\/sklep-plcspace.pl\/en\/wp-json\/wp\/v2\/product"}],"about":[{"href":"https:\/\/sklep-plcspace.pl\/en\/wp-json\/wp\/v2\/types\/product"}],"replies":[{"embeddable":true,"href":"https:\/\/sklep-plcspace.pl\/en\/wp-json\/wp\/v2\/comments?post=38398"}],"wp:featuredmedia":[{"embeddable":true,"href":"https:\/\/sklep-plcspace.pl\/en\/wp-json\/wp\/v2\/media\/38604"}],"wp:attachment":[{"href":"https:\/\/sklep-plcspace.pl\/en\/wp-json\/wp\/v2\/media?parent=38398"}],"wp:term":[{"taxonomy":"product_brand","embeddable":true,"href":"https:\/\/sklep-plcspace.pl\/en\/wp-json\/wp\/v2\/product_brand?post=38398"},{"taxonomy":"product_cat","embeddable":true,"href":"https:\/\/sklep-plcspace.pl\/en\/wp-json\/wp\/v2\/product_cat?post=38398"},{"taxonomy":"product_tag","embeddable":true,"href":"https:\/\/sklep-plcspace.pl\/en\/wp-json\/wp\/v2\/product_tag?post=38398"}],"curies":[{"name":"wp","href":"https:\/\/api.w.org\/{rel}","templated":true}]}}