{"id":3922,"date":"2022-12-12T12:52:46","date_gmt":"2022-12-12T11:52:46","guid":{"rendered":"https:\/\/sklep-plcspace.pl\/siemens\/mysl-inaczej-programuj-plc-copy\/"},"modified":"2025-03-24T23:57:53","modified_gmt":"2025-03-24T22:57:53","slug":"simatic-s7-in-action","status":"publish","type":"product","link":"https:\/\/sklep-plcspace.pl\/en\/siemens\/simatic-s7-in-action\/","title":{"rendered":"SIMATIC S7 in action"},"content":{"rendered":"<p>### Co Otrzymasz po Zapisaniu Si\u0119 na Kurs Programowania Sterownik\u00f3w PLC?<\/p>\n<p>&nbsp;<\/p>\n<p>Nie obawiaj si\u0119 skomplikowanej wiedzy. Nasz kurs ma na celu oswoi\u0107 Ci\u0119 z podstawami programowania PLC. W ramach szkolenia otrzymasz:<\/p>\n<p>&nbsp;<\/p>\n<p>### G\u0142\u00f3wne Korzy\u015bci Kursu<\/p>\n<p>&nbsp;<\/p>\n<p>&#8211; **Ponad 8 godzin nagra\u0144 wideo w jako\u015bci HD:** Mo\u017cesz je ogl\u0105da\u0107 bez ogranicze\u0144 czasowych, co pozwala na utrwalanie wiedzy i samodzielne rozwi\u0105zywanie problem\u00f3w. Dzi\u0119ki kamerze ustawionej nad ramieniem prowadz\u0105cego dok\u0142adnie widzisz wszystkie czynno\u015bci i mo\u017cesz je odtworzy\u0107 w najdrobniejszych szczeg\u00f3\u0142ach.<\/p>\n<p>&nbsp;<\/p>\n<p>&#8211; **Projekty w \u015brodowisku TIA Portal:** Podczas kursu b\u0119dziesz pracowa\u0107 nad projektami, co pozwoli Ci pozna\u0107 pe\u0142n\u0105 funkcjonalno\u015b\u0107 platformy TIA Portal i zdoby\u0107 solidn\u0105 wiedz\u0119 o modu\u0142ach PLC firmy Siemens.<\/p>\n<p>&nbsp;<\/p>\n<p>### Kurs &#8222;SIMATIC S7 w Akcji&#8221;<\/p>\n<p>&nbsp;<\/p>\n<p>Zastanawiasz si\u0119, czy programowanie PLC jest dla Ciebie? Nigdy nie programowa\u0142e\u015b sterownik\u00f3w przemys\u0142owych? Ten bezp\u0142atny kurs jest przygotowany specjalnie dla Ciebie. Poznasz najpopularniejszy sterownik firmy Siemens, SIMATIC S7-1200.<\/p>\n<p>&nbsp;<\/p>\n<p>### O Kursie Programowania Sterownik\u00f3w Logicznych PLC Siemens SIMATIC S7-1200<\/p>\n<p>&nbsp;<\/p>\n<p>Kurs wyja\u015bnia zagadnienia automatyki i programowania PLC. Wykorzystywany jest popularny sterownik rodziny S7-1200 oraz \u015brodowisko programistyczne TIA Portal. Nauczysz si\u0119 pod\u0142\u0105cza\u0107 sprz\u0119t elektryczny i instalowa\u0107 oprogramowanie. Zostaniesz wprowadzony w podstawy programowania sterownik\u00f3w PLC, poznasz i praktycznie wykorzystasz fundamentalne instrukcje programistyczne. Zdob\u0119dziesz minimum niezb\u0119dnej wiedzy w tej dziedzinie automatyki przemys\u0142owej.<\/p>\n<p>&nbsp;<\/p>\n<p>### Dlaczego Warto Wybra\u0107 Nasz Kurs?<\/p>\n<p>&nbsp;<\/p>\n<p>&#8211; **Autorska Metoda:** Kurs zosta\u0142 przygotowany wed\u0142ug autorskiej metody, opracowanej na podstawie wieloletniego do\u015bwiadczenia pracy z kursantami. Lekcje s\u0105 u\u0142o\u017cone w logiczny ci\u0105g, z naciskiem na praktyk\u0119.<\/p>\n<p>&nbsp;<\/p>\n<p>&#8211; **Kompatybilno\u015b\u0107 z Systemami Operacyjnymi:** Mo\u017cesz realizowa\u0107 kurs na ka\u017cdym komputerze z systemem Windows (od XP wzwy\u017c), bez potrzeby inwestowania w nowy sprz\u0119t.<\/p>\n<p>&nbsp;<\/p>\n<p>&#8211; **Bez Dodatkowych Koszt\u00f3w:** Nie musisz kupowa\u0107 dodatkowego sprz\u0119tu. Kurs jest realizowany na rzeczywistym sprz\u0119cie oraz wirtualnym symulatorze PLCsim.<\/p>\n<p>&nbsp;<\/p>\n<p>&#8211; **Darmowe Oprogramowanie:** Ca\u0142y kurs realizujesz w \u015brodowisku TIA Portal, kt\u00f3re mo\u017cna pobra\u0107 i u\u017cywa\u0107 bezp\u0142atnie.<\/p>\n<p>&nbsp;<\/p>\n<p>&#8211; **Elastyczno\u015b\u0107:** \u0106wiczenia realizujesz w dowolnym miejscu i czasie, na w\u0142asnym &#8222;stanowisku szkoleniowym&#8221;.<\/p>\n<p>&nbsp;<\/p>\n<p>&#8211; **Praktyczna Wiedza:** Nauczysz si\u0119 konfigurowa\u0107 i kodowa\u0107 przy u\u017cyciu sterownika PLC Siemens SIMATIC S7-1200, idealnego dla pocz\u0105tkuj\u0105cych i nieco bardziej z\u0142o\u017conych aplikacji.<\/p>\n<p>&nbsp;<\/p>\n<p>&#8211; **J\u0119zyk Programowania LAD:** Uczysz si\u0119 pisa\u0107 kod w j\u0119zyku drabinkowym (LAD), kt\u00f3ry jest graficzny i bardzo popularny.<\/p>\n<p>&nbsp;<\/p>\n<p>&#8211; **Nie Musisz Notowa\u0107:** Kurs jest dost\u0119pny online, z nielimitowanym dost\u0119pem do materia\u0142\u00f3w.<\/p>\n<p>&nbsp;<\/p>\n<p>&#8211; **Praca w Wirtualnej Fabryce:** Narz\u0119dzie Factory IO przenosi Ci\u0119 do wirtualnego zak\u0142adu przemys\u0142owego, gdzie w czasie rzeczywistym testujesz napisany kod programu, co pozwala poczu\u0107 si\u0119 jak prawdziwy programista PLC-automatyk.<\/p>\n<p>&nbsp;<\/p>\n<p>Do\u0142\u0105cz do naszej spo\u0142eczno\u015bci i rozpocznij swoj\u0105 przygod\u0119 z programowaniem sterownik\u00f3w PLC SIMATIC S7-1200 ju\u017c dzi\u015b!<\/p>","protected":false},"excerpt":{"rendered":"<p>PLC programming - without secrets- Siemens PLC programming course. Basic level Step7<\/p>","protected":false},"featured_media":7118,"comment_status":"closed","ping_status":"closed","template":"","meta":{"_acf_changed":false,"inline_featured_image":false,"site-sidebar-layout":"default","site-content-layout":"default","ast-site-content-layout":"default","site-content-style":"default","site-sidebar-style":"default","ast-global-header-display":"","ast-banner-title-visibility":"","ast-main-header-display":"","ast-hfb-above-header-display":"","ast-hfb-below-header-display":"","ast-hfb-mobile-header-display":"","site-post-title":"","ast-breadcrumbs-content":"","ast-featured-img":"","footer-sml-layout":"","theme-transparent-header-meta":"default","adv-header-id-meta":"","stick-header-meta":"default","header-above-stick-meta":"","header-main-stick-meta":"","header-below-stick-meta":"","astra-migrate-meta-layouts":"set","ast-page-background-enabled":"default","ast-page-background-meta":{"desktop":{"background-color":"","background-image":"","background-repeat":"repeat","background-position":"center center","background-size":"auto","background-attachment":"scroll","background-type":"","background-media":"","overlay-type":"","overlay-color":"","overlay-opacity":"","overlay-gradient":""},"tablet":{"background-color":"","background-image":"","background-repeat":"repeat","background-position":"center center","background-size":"auto","background-attachment":"scroll","background-type":"","background-media":"","overlay-type":"","overlay-color":"","overlay-opacity":"","overlay-gradient":""},"mobile":{"background-color":"","background-image":"","background-repeat":"repeat","background-position":"center center","background-size":"auto","background-attachment":"scroll","background-type":"","background-media":"","overlay-type":"","overlay-color":"","overlay-opacity":"","overlay-gradient":""}},"ast-content-background-meta":{"desktop":{"background-color":"var(--ast-global-color-5)","background-image":"","background-repeat":"repeat","background-position":"center center","background-size":"auto","background-attachment":"scroll","background-type":"","background-media":"","overlay-type":"","overlay-color":"","overlay-opacity":"","overlay-gradient":""},"tablet":{"background-color":"var(--ast-global-color-5)","background-image":"","background-repeat":"repeat","background-position":"center center","background-size":"auto","background-attachment":"scroll","background-type":"","background-media":"","overlay-type":"","overlay-color":"","overlay-opacity":"","overlay-gradient":""},"mobile":{"background-color":"var(--ast-global-color-5)","background-image":"","background-repeat":"repeat","background-position":"center center","background-size":"auto","background-attachment":"scroll","background-type":"","background-media":"","overlay-type":"","overlay-color":"","overlay-opacity":"","overlay-gradient":""}}},"product_brand":[],"product_cat":[81,37],"product_tag":[67],"class_list":{"0":"post-3922","1":"product","2":"type-product","3":"status-publish","4":"has-post-thumbnail","6":"product_cat-darmowe","7":"product_cat-programowanie","8":"product_tag-produkt-pendrive","9":"desktop-align-left","10":"tablet-align-left","11":"mobile-align-left","12":"ast-product-gallery-layout-horizontal-slider","13":"ast-product-gallery-with-no-image","14":"ast-product-tabs-layout-horizontal","16":"first","17":"instock","18":"downloadable","19":"virtual","20":"taxable","21":"purchasable","22":"product-type-simple"},"acf":[],"_links":{"self":[{"href":"https:\/\/sklep-plcspace.pl\/en\/wp-json\/wp\/v2\/product\/3922","targetHints":{"allow":["GET"]}}],"collection":[{"href":"https:\/\/sklep-plcspace.pl\/en\/wp-json\/wp\/v2\/product"}],"about":[{"href":"https:\/\/sklep-plcspace.pl\/en\/wp-json\/wp\/v2\/types\/product"}],"replies":[{"embeddable":true,"href":"https:\/\/sklep-plcspace.pl\/en\/wp-json\/wp\/v2\/comments?post=3922"}],"wp:featuredmedia":[{"embeddable":true,"href":"https:\/\/sklep-plcspace.pl\/en\/wp-json\/wp\/v2\/media\/7118"}],"wp:attachment":[{"href":"https:\/\/sklep-plcspace.pl\/en\/wp-json\/wp\/v2\/media?parent=3922"}],"wp:term":[{"taxonomy":"product_brand","embeddable":true,"href":"https:\/\/sklep-plcspace.pl\/en\/wp-json\/wp\/v2\/product_brand?post=3922"},{"taxonomy":"product_cat","embeddable":true,"href":"https:\/\/sklep-plcspace.pl\/en\/wp-json\/wp\/v2\/product_cat?post=3922"},{"taxonomy":"product_tag","embeddable":true,"href":"https:\/\/sklep-plcspace.pl\/en\/wp-json\/wp\/v2\/product_tag?post=3922"}],"curies":[{"name":"wp","href":"https:\/\/api.w.org\/{rel}","templated":true}]}}