{"id":3972,"date":"2022-12-14T12:03:39","date_gmt":"2022-12-14T11:03:39","guid":{"rendered":"https:\/\/sklep-plcspace.pl\/siemens\/mysl-inaczej-programuj-plc-copy\/"},"modified":"2025-09-03T18:05:52","modified_gmt":"2025-09-03T16:05:52","slug":"chce-zostac-programista-plc-1200-g1","status":"publish","type":"product","link":"https:\/\/sklep-plcspace.pl\/en\/siemens\/chce-zostac-programista-plc-1200-g1\/","title":{"rendered":"Chc\u0119 zosta\u0107 programist\u0105 PLC 1200 G1"},"content":{"rendered":"<p>### Co Otrzymasz po Zapisaniu Si\u0119 na Kurs Programowania Sterownik\u00f3w PLC?<\/p>\n<p>Nie musisz obawia\u0107 si\u0119 skomplikowanej wiedzy, kt\u00f3ra b\u0119dzie trudna do przyswojenia. Nasz kurs zosta\u0142 zaprojektowany, aby wprowadzi\u0107 Ci\u0119 w \u015bwiat programowania PLC krok po kroku. W ramach szkolenia otrzymasz:<\/p>\n<p>### G\u0142\u00f3wne Korzy\u015bci Kursu<\/p>\n<p>&#8211; **Ponad 28 godzin nagra\u0144 wideo w jako\u015bci HD:** Filmy s\u0105 dost\u0119pne bez ogranicze\u0144 czasowych, co pozwala na wielokrotne ogl\u0105danie i utrwalanie wiedzy. Kamera ustawiona nad ramieniem instruktora umo\u017cliwia dok\u0142adne \u015bledzenie jego czynno\u015bci i samodzielne ich odtworzenie.<br \/>\n&#8211; **Projekty w \u015brodowisku TIA Portal:** Podczas kursu b\u0119dziesz pracowa\u0107 nad projektami w TIA Portal, poznaj\u0105c pe\u0142n\u0105 funkcjonalno\u015b\u0107 tej platformy oraz zdobywaj\u0105c solidn\u0105 wiedz\u0119 o modu\u0142ach PLC firmy Siemens.<\/p>\n<p>### Kurs &#8222;Chc\u0119 Zosta\u0107 Programist\u0105 PLC &#8211; Poziom Podstawowy&#8221;<\/p>\n<p>Sterowniki PLC Simatic S7-1200 to fundament w wielu bran\u017cach wykorzystuj\u0105cych automatyk\u0119 maszyn. Kurs ten jest po\u015bwi\u0119cony podstawom programowania tych sterownik\u00f3w, idealnym zar\u00f3wno dla prostych, jak i bardziej z\u0142o\u017conych projekt\u00f3w.<\/p>\n<p>### Dla Kogo Jest Kurs?<\/p>\n<p>Kurs jest skierowany do os\u00f3b bez wcze\u015bniejszego do\u015bwiadczenia w programowaniu sterownik\u00f3w PLC. Jest idealny dla tych, kt\u00f3rzy maj\u0105 wykszta\u0142cenie techniczne i chc\u0105 rozpocz\u0105\u0107 karier\u0119 w automatyce przemys\u0142owej. Po uko\u0144czeniu kursu, b\u0119dziesz m\u00f3g\u0142 zaskoczy\u0107 pracodawc\u0119 swoj\u0105 wiedz\u0105 i nieszablonowym podej\u015bciem.<\/p>\n<p>### Struktura Kursu<\/p>\n<p>Kurs zosta\u0142 zaprojektowany tak, aby t\u0142umaczy\u0107 zagadnienia od podstaw do poziomu \u015brednio zaawansowanego. Obejmuje on tematy przydatne w ka\u017cdym zawodzie zwi\u0105zanym z programowaniem przemys\u0142owym.<\/p>\n<p>&#8211; **Programowanie w j\u0119zyku LAD:** Kurs skupia si\u0119 na j\u0119zyku drabinkowym (LAD), kt\u00f3ry jest wyj\u0105tkowo przyst\u0119pny dla pocz\u0105tkuj\u0105cych.<br \/>\n&#8211; **Wirtualna fabryka:** Dzi\u0119ki aplikacji Industry Line, kurs przeniesie Ci\u0119 do wirtualnej fabryki, gdzie zobaczysz, jak wygl\u0105da obs\u0142uga maszyn i po\u0142\u0105czysz teori\u0119 z praktyk\u0105.<\/p>\n<p>### Narz\u0119dzia i Oprogramowanie<\/p>\n<p>Programowanie sterownik\u00f3w PLC Siemens S7-1200 nie wymaga zakupu dodatkowego oprogramowania ani sprz\u0119tu. Wszystkie \u0107wiczenia b\u0119dziesz realizowa\u0107 w \u015brodowisku TIA Portal v. 14SP1, kt\u00f3re jest dost\u0119pne za darmo na stronie producenta. Oprogramowanie zachowuje pe\u0142n\u0105 funkcjonalno\u015b\u0107 przez 21 dni, co jest wystarczaj\u0105ce, aby uko\u0144czy\u0107 kurs.<\/p>\n<p>### Dlaczego Warto Wybra\u0107 Ten Kurs?<\/p>\n<p>&#8211; **Praktyczne podej\u015bcie:** Kurs k\u0142adzie du\u017cy nacisk na praktyczne umiej\u0119tno\u015bci, umo\u017cliwiaj\u0105c samodzielne wykonywanie \u0107wicze\u0144 na swoim komputerze.<br \/>\n&#8211; **Elastyczno\u015b\u0107:** Mo\u017cliwo\u015b\u0107 wielokrotnego ogl\u0105dania nagra\u0144 wideo pozwala na nauk\u0119 w dogodnym dla Ciebie tempie.<br \/>\n&#8211; **Wszechstronna wiedza:** Kurs oferuje kompleksowe om\u00f3wienie tematu programowania PLC, od podstawowych po bardziej zaawansowane zagadnienia.<\/p>\n<p>Do\u0142\u0105cz do naszej spo\u0142eczno\u015bci i rozpocznij swoj\u0105 przygod\u0119 z programowaniem sterownik\u00f3w PLC SIMATIC S7-1200 ju\u017c dzi\u015b!<\/p>","protected":false},"excerpt":{"rendered":"<p>PLC programming - without secrets- Siemens PLC programming course. Basic level Step7<\/p>","protected":false},"featured_media":7106,"comment_status":"closed","ping_status":"closed","template":"","meta":{"_acf_changed":false,"inline_featured_image":false,"site-sidebar-layout":"default","site-content-layout":"default","ast-site-content-layout":"default","site-content-style":"default","site-sidebar-style":"default","ast-global-header-display":"","ast-banner-title-visibility":"","ast-main-header-display":"","ast-hfb-above-header-display":"","ast-hfb-below-header-display":"","ast-hfb-mobile-header-display":"","site-post-title":"","ast-breadcrumbs-content":"","ast-featured-img":"","footer-sml-layout":"","theme-transparent-header-meta":"default","adv-header-id-meta":"","stick-header-meta":"default","header-above-stick-meta":"","header-main-stick-meta":"","header-below-stick-meta":"","astra-migrate-meta-layouts":"set","ast-page-background-enabled":"default","ast-page-background-meta":{"desktop":{"background-color":"","background-image":"","background-repeat":"repeat","background-position":"center center","background-size":"auto","background-attachment":"scroll","background-type":"","background-media":"","overlay-type":"","overlay-color":"","overlay-opacity":"","overlay-gradient":""},"tablet":{"background-color":"","background-image":"","background-repeat":"repeat","background-position":"center center","background-size":"auto","background-attachment":"scroll","background-type":"","background-media":"","overlay-type":"","overlay-color":"","overlay-opacity":"","overlay-gradient":""},"mobile":{"background-color":"","background-image":"","background-repeat":"repeat","background-position":"center center","background-size":"auto","background-attachment":"scroll","background-type":"","background-media":"","overlay-type":"","overlay-color":"","overlay-opacity":"","overlay-gradient":""}},"ast-content-background-meta":{"desktop":{"background-color":"var(--ast-global-color-5)","background-image":"","background-repeat":"repeat","background-position":"center center","background-size":"auto","background-attachment":"scroll","background-type":"","background-media":"","overlay-type":"","overlay-color":"","overlay-opacity":"","overlay-gradient":""},"tablet":{"background-color":"var(--ast-global-color-5)","background-image":"","background-repeat":"repeat","background-position":"center center","background-size":"auto","background-attachment":"scroll","background-type":"","background-media":"","overlay-type":"","overlay-color":"","overlay-opacity":"","overlay-gradient":""},"mobile":{"background-color":"var(--ast-global-color-5)","background-image":"","background-repeat":"repeat","background-position":"center center","background-size":"auto","background-attachment":"scroll","background-type":"","background-media":"","overlay-type":"","overlay-color":"","overlay-opacity":"","overlay-gradient":""}}},"product_brand":[],"product_cat":[37],"product_tag":[67],"class_list":{"0":"post-3972","1":"product","2":"type-product","3":"status-publish","4":"has-post-thumbnail","6":"product_cat-programowanie","7":"product_tag-produkt-pendrive","8":"desktop-align-left","9":"tablet-align-left","10":"mobile-align-left","11":"ast-product-gallery-layout-horizontal-slider","12":"ast-product-single-variable","13":"ast-product-tabs-layout-horizontal","15":"first","16":"instock","17":"taxable","18":"shipping-taxable","19":"purchasable","20":"product-type-variable","21":"has-default-attributes"},"acf":[],"_links":{"self":[{"href":"https:\/\/sklep-plcspace.pl\/en\/wp-json\/wp\/v2\/product\/3972","targetHints":{"allow":["GET"]}}],"collection":[{"href":"https:\/\/sklep-plcspace.pl\/en\/wp-json\/wp\/v2\/product"}],"about":[{"href":"https:\/\/sklep-plcspace.pl\/en\/wp-json\/wp\/v2\/types\/product"}],"replies":[{"embeddable":true,"href":"https:\/\/sklep-plcspace.pl\/en\/wp-json\/wp\/v2\/comments?post=3972"}],"wp:featuredmedia":[{"embeddable":true,"href":"https:\/\/sklep-plcspace.pl\/en\/wp-json\/wp\/v2\/media\/7106"}],"wp:attachment":[{"href":"https:\/\/sklep-plcspace.pl\/en\/wp-json\/wp\/v2\/media?parent=3972"}],"wp:term":[{"taxonomy":"product_brand","embeddable":true,"href":"https:\/\/sklep-plcspace.pl\/en\/wp-json\/wp\/v2\/product_brand?post=3972"},{"taxonomy":"product_cat","embeddable":true,"href":"https:\/\/sklep-plcspace.pl\/en\/wp-json\/wp\/v2\/product_cat?post=3972"},{"taxonomy":"product_tag","embeddable":true,"href":"https:\/\/sklep-plcspace.pl\/en\/wp-json\/wp\/v2\/product_tag?post=3972"}],"curies":[{"name":"wp","href":"https:\/\/api.w.org\/{rel}","templated":true}]}}