{"id":43064,"date":"2025-12-18T09:00:57","date_gmt":"2025-12-18T08:00:57","guid":{"rendered":"https:\/\/sklep-plcspace.pl\/?post_type=product&#038;p=43064"},"modified":"2026-01-29T05:58:58","modified_gmt":"2026-01-29T04:58:58","slug":"technika-napedowa-w-praktyce","status":"publish","type":"product","link":"https:\/\/sklep-plcspace.pl\/en\/siemens\/technika-napedowa-w-praktyce\/","title":{"rendered":"Technika nap\u0119dowa w praktyce"},"content":{"rendered":"<p>### Co Otrzymasz Poza Wiedz\u0105 z Zakresu Programowania Nap\u0119d\u00f3w Sinamics S210?<\/p>\n<p>&nbsp;<\/p>\n<p>Decyduj\u0105c si\u0119 na swoje pierwsze szkolenie z techniki nap\u0119dowej, mo\u017cesz obawia\u0107 si\u0119 skomplikowanej wiedzy. Nasze szkolenie ma na celu oswoi\u0107 Ci\u0119 z podstawami PLC w kontek\u015bcie bezpiecze\u0144stwa, oferuj\u0105c starannie wybrane pomoce naukowe:<\/p>\n<p>&nbsp;<\/p>\n<p>### G\u0142\u00f3wne Korzy\u015bci Kursu<\/p>\n<p>&nbsp;<\/p>\n<p>&#8211; **Ponad 9 godzin nagra\u0144 wideo w jako\u015bci HD:** Filmy mo\u017cesz ogl\u0105da\u0107 bez ogranicze\u0144, utrwalaj\u0105c wiedz\u0119 i poszukuj\u0105c samodzielnego rozwi\u0105zania problem\u00f3w.<\/p>\n<p>&#8211; **Projekty w \u015brodowisku TIA Portal:** Podczas kursu zapoznasz si\u0119 z pe\u0142n\u0105 funkcjonalno\u015bci\u0105 platformy TIA Portal i zdob\u0119dziesz solidn\u0105 wiedz\u0119 o modu\u0142ach PLC firmy Siemens.<\/p>\n<p>&nbsp;<\/p>\n<p>### Kurs Techniki Nap\u0119dowej \u2013 Poziom Podstawowy z Sinamics V20<\/p>\n<p>&nbsp;<\/p>\n<p>Szkolenie z automatyki nap\u0119dowej online pozwala zdoby\u0107 wiedz\u0119 z zakresu funkcjonowania r\u00f3\u017cnych motor\u00f3w oraz ich element\u00f3w. Nauczysz si\u0119 o synchronizacji k\u0105towej nap\u0119d\u00f3w i zale\u017cno\u015bciach mi\u0119dzy przek\u0142adni\u0105 a silnikiem. Kurs obejmuje zasady dzia\u0142ania nap\u0119d\u00f3w rodziny Sinamics V20 oraz sterownik\u00f3w Siemens Simatic S7-1200.<\/p>\n<p>&nbsp;<\/p>\n<p>### Zastosowanie Nap\u0119d\u00f3w w Przemy\u015ble<\/p>\n<p>&nbsp;<\/p>\n<p>Wi\u0119kszo\u015b\u0107 urz\u0105dze\u0144 przemys\u0142owych korzysta z r\u00f3\u017cnego rodzaju nap\u0119d\u00f3w, obecnych w pasach transmisyjnych i ramionach wysi\u0119gnik\u00f3w. Aby silnik dzia\u0142a\u0142, potrzebny jest przekszta\u0142tnik, kt\u00f3ry dostosowuje parametry procesu technologicznego do okre\u015blonych wymaga\u0144. Kurs polecamy pocz\u0105tkuj\u0105cym, kt\u00f3rzy planuj\u0105 zaj\u0105\u0107 si\u0119 automatyk\u0105, ale nie maj\u0105 do\u015bwiadczenia z takimi zagadnieniami jak sterowanie przekszta\u0142tnikami, ustawianie parametr\u00f3w granicznych czy konfiguracja nap\u0119d\u00f3w.<\/p>\n<p>&nbsp;<\/p>\n<p>### O Kursie Podstaw Techniki Nap\u0119dowej<\/p>\n<p>&nbsp;<\/p>\n<p>Program kursu skupia si\u0119 na przemienniku Sinamics V20, wyr\u00f3\u017cniaj\u0105cym si\u0119 prostot\u0105 uruchamiania, \u0142atw\u0105 konfiguracj\u0105, obs\u0142ug\u0105 oraz oszcz\u0119dno\u015bci\u0105 energii. Sinamics V20 mo\u017ce by\u0107 obs\u0142ugiwany za pomoc\u0105 urz\u0105dzenia mobilnego lub panelu operatorskiego. Parametry w przekszta\u0142tniku mo\u017cna odczyta\u0107 i kopiowa\u0107 bez zasilania, a opcjonalny modu\u0142 Smart Access umo\u017cliwia obs\u0142ug\u0119 przez przegl\u0105dark\u0119 internetow\u0105.<\/p>\n<p>&nbsp;<\/p>\n<p>### Praktyczne Umiej\u0119tno\u015bci<\/p>\n<p>&nbsp;<\/p>\n<p>Kurs jest przeznaczony dla os\u00f3b chc\u0105cych zrozumie\u0107 dzia\u0142anie prostych urz\u0105dze\u0144 transportowych, pomp, kompresor\u00f3w i wentylator\u00f3w. Nap\u0119dy Sinamics oraz sterowniki S7-1200 firmy Siemens s\u0105 powszechnie stosowane w tych urz\u0105dzeniach. Kurs wprowadza do programowania w \u015brodowisku TIA Portal, korzystaj\u0105c z j\u0119zyka LAD (drabinkowego), kt\u00f3ry jest przyst\u0119pny dla pocz\u0105tkuj\u0105cych.<\/p>\n<p>&nbsp;<\/p>\n<p>### Narz\u0119dzia i J\u0119zyki Programowania<\/p>\n<p>&nbsp;<\/p>\n<p>Szkolenie obejmuje dwa modu\u0142y w TIA Portal: Step 7 do programowania sterownik\u00f3w PLC i WinCC Comfort\/Advanced do tworzenia wizualizacji. Aplikacja Starter do obs\u0142ugi Micromaster zapewnia intuicyjn\u0105 obs\u0142ug\u0119, niezale\u017cnie od poziomu do\u015bwiadczenia.<\/p>\n<p>&nbsp;<\/p>\n<p>### Dost\u0119pno\u015b\u0107 Oprogramowania<\/p>\n<p>&nbsp;<\/p>\n<p>Programowanie sterownik\u00f3w Siemens S7-1200 nie wymaga zakupu dodatkowego oprogramowania ani sprz\u0119tu. Wszystkie problemy b\u0119dziesz rozwi\u0105zywa\u0107 w \u015brodowisku TIA Portal v. 15.1, kt\u00f3re jest dost\u0119pne za darmo na stronie producenta z 21-dniow\u0105 pe\u0142n\u0105 funkcjonalno\u015bci\u0105. Mo\u017cesz r\u00f3wnie\u017c uko\u0144czy\u0107 szkolenie, u\u017cywaj\u0105c starszych wersji TIA Portal.<\/p>\n<p>&nbsp;<\/p>\n<p>### Dlaczego Warto Zapisz Si\u0119 Na Szkolenie?<\/p>\n<p>&nbsp;<\/p>\n<p>Kurs pokazuje, \u017ce nauka programowania sterownik\u00f3w PLC Safety w j\u0119zyku LAD nie wymaga wertowania skomplikowanych ksi\u0105\u017cek. Nauczysz si\u0119 tworzenia wydajnych i bezpiecznych instrukcji dla PLC firmy Siemens. Szkolenie jest dedykowane osobom chc\u0105cym zg\u0142\u0119bi\u0107 tajniki falownik\u00f3w przemys\u0142owych i sk\u0142ada si\u0119 z czterech cz\u0119\u015bci, obejmuj\u0105cych r\u00f3\u017cne zagadnienia techniki nap\u0119dowej.<\/p>\n<p>&nbsp;<\/p>\n<p>Po uko\u0144czeniu wszystkich modu\u0142\u00f3w b\u0119dziesz posiada\u0107 praktyczn\u0105 wiedz\u0119 z zakresu programowania falownik\u00f3w Sinamics, kt\u00f3r\u0105 wykorzystasz w codziennych obowi\u0105zkach, zwi\u0119kszaj\u0105c bezpiecze\u0144stwo pracownik\u00f3w i usprawniaj\u0105c dzia\u0142anie zak\u0142adu. Zaplanuj swoj\u0105 karier\u0119 ze szkoleniami PLCSpace i przekonaj si\u0119, \u017ce teoria to nie wszystko.<\/p>","protected":false},"excerpt":{"rendered":"<p>PLC programming - without secrets- Siemens PLC programming course. Basic level Step7<\/p>","protected":false},"featured_media":43067,"comment_status":"closed","ping_status":"closed","template":"","meta":{"_acf_changed":false,"inline_featured_image":false,"site-sidebar-layout":"default","site-content-layout":"default","ast-site-content-layout":"default","site-content-style":"default","site-sidebar-style":"default","ast-global-header-display":"","ast-banner-title-visibility":"","ast-main-header-display":"","ast-hfb-above-header-display":"","ast-hfb-below-header-display":"","ast-hfb-mobile-header-display":"","site-post-title":"","ast-breadcrumbs-content":"","ast-featured-img":"","footer-sml-layout":"","theme-transparent-header-meta":"default","adv-header-id-meta":"","stick-header-meta":"default","header-above-stick-meta":"","header-main-stick-meta":"","header-below-stick-meta":"","astra-migrate-meta-layouts":"set","ast-page-background-enabled":"default","ast-page-background-meta":{"desktop":{"background-color":"","background-image":"","background-repeat":"repeat","background-position":"center center","background-size":"auto","background-attachment":"scroll","background-type":"","background-media":"","overlay-type":"","overlay-color":"","overlay-opacity":"","overlay-gradient":""},"tablet":{"background-color":"","background-image":"","background-repeat":"repeat","background-position":"center center","background-size":"auto","background-attachment":"scroll","background-type":"","background-media":"","overlay-type":"","overlay-color":"","overlay-opacity":"","overlay-gradient":""},"mobile":{"background-color":"","background-image":"","background-repeat":"repeat","background-position":"center center","background-size":"auto","background-attachment":"scroll","background-type":"","background-media":"","overlay-type":"","overlay-color":"","overlay-opacity":"","overlay-gradient":""}},"ast-content-background-meta":{"desktop":{"background-color":"var(--ast-global-color-5)","background-image":"","background-repeat":"repeat","background-position":"center center","background-size":"auto","background-attachment":"scroll","background-type":"","background-media":"","overlay-type":"","overlay-color":"","overlay-opacity":"","overlay-gradient":""},"tablet":{"background-color":"var(--ast-global-color-5)","background-image":"","background-repeat":"repeat","background-position":"center center","background-size":"auto","background-attachment":"scroll","background-type":"","background-media":"","overlay-type":"","overlay-color":"","overlay-opacity":"","overlay-gradient":""},"mobile":{"background-color":"var(--ast-global-color-5)","background-image":"","background-repeat":"repeat","background-position":"center center","background-size":"auto","background-attachment":"scroll","background-type":"","background-media":"","overlay-type":"","overlay-color":"","overlay-opacity":"","overlay-gradient":""}}},"product_brand":[],"product_cat":[39],"product_tag":[67],"class_list":{"0":"post-43064","1":"product","2":"type-product","3":"status-publish","4":"has-post-thumbnail","6":"product_cat-naped","7":"product_tag-produkt-pendrive","8":"desktop-align-left","9":"tablet-align-left","10":"mobile-align-left","11":"ast-product-gallery-layout-horizontal-slider","12":"ast-product-gallery-with-no-image","13":"ast-product-single-variable","14":"ast-product-tabs-layout-horizontal","16":"first","17":"instock","18":"taxable","19":"shipping-taxable","20":"purchasable","21":"product-type-variable","22":"has-default-attributes"},"acf":[],"_links":{"self":[{"href":"https:\/\/sklep-plcspace.pl\/en\/wp-json\/wp\/v2\/product\/43064","targetHints":{"allow":["GET"]}}],"collection":[{"href":"https:\/\/sklep-plcspace.pl\/en\/wp-json\/wp\/v2\/product"}],"about":[{"href":"https:\/\/sklep-plcspace.pl\/en\/wp-json\/wp\/v2\/types\/product"}],"replies":[{"embeddable":true,"href":"https:\/\/sklep-plcspace.pl\/en\/wp-json\/wp\/v2\/comments?post=43064"}],"wp:featuredmedia":[{"embeddable":true,"href":"https:\/\/sklep-plcspace.pl\/en\/wp-json\/wp\/v2\/media\/43067"}],"wp:attachment":[{"href":"https:\/\/sklep-plcspace.pl\/en\/wp-json\/wp\/v2\/media?parent=43064"}],"wp:term":[{"taxonomy":"product_brand","embeddable":true,"href":"https:\/\/sklep-plcspace.pl\/en\/wp-json\/wp\/v2\/product_brand?post=43064"},{"taxonomy":"product_cat","embeddable":true,"href":"https:\/\/sklep-plcspace.pl\/en\/wp-json\/wp\/v2\/product_cat?post=43064"},{"taxonomy":"product_tag","embeddable":true,"href":"https:\/\/sklep-plcspace.pl\/en\/wp-json\/wp\/v2\/product_tag?post=43064"}],"curies":[{"name":"wp","href":"https:\/\/api.w.org\/{rel}","templated":true}]}}