{"id":9851,"date":"2023-08-13T13:34:43","date_gmt":"2023-08-13T11:34:43","guid":{"rendered":"https:\/\/sklep-plcspace.pl\/siemens\/sterownik-plc-w-praktyce-copy\/"},"modified":"2024-08-26T12:04:56","modified_gmt":"2024-08-26T10:04:56","slug":"straight-to-destination-with-simatic-s7-1500","status":"publish","type":"product","link":"https:\/\/sklep-plcspace.pl\/en\/siemens\/straight-to-destination-with-simatic-s7-1500\/","title":{"rendered":"Straight to the point with SIMATIC S7-1500"},"content":{"rendered":"<p>Nasz kurs programowania PLC SIMATIC S7-1500 w j\u0119zyku SCL to nowoczesny kurs wideo, kt\u00f3ry umo\u017cliwia dostosowanie tempa nauki do indywidualnych potrzeb. Oferujemy ponad 25 godzin materia\u0142\u00f3w wideo w jako\u015bci HD, kt\u00f3re szczeg\u00f3\u0142owo omawiaj\u0105 ka\u017cde zagadnienie, rozbijaj\u0105c je na proste elementy. Dzi\u0119ki temu kursanci mog\u0105 bezpo\u015brednio obserwowa\u0107 operacje prowadz\u0105cych i lepiej rozumie\u0107 praktyczne zastosowanie omawianych rozwi\u0105za\u0144.<\/p>\n<p>&nbsp;<\/p>\n<p>Podczas kursu uczestnicy b\u0119d\u0105 tworzy\u0107 projekty w TIA Portal, co pomo\u017ce opanowa\u0107 interfejs oraz funkcjonalno\u015b\u0107 tej platformy dedykowanej sterownikom Siemens Simatic S7. Dzi\u0119ki praktycznym \u0107wiczeniom, obs\u0142uga tych narz\u0119dzi stanie si\u0119 intuicyjna i naturalna.<\/p>\n<p>&nbsp;<\/p>\n<p>### Kurs programowania PLC S7-1500: Poziom podstawowy w TIA Portal<\/p>\n<p>&nbsp;<\/p>\n<p>Znajomo\u015b\u0107 podstaw programowania PLC Siemens S7-1500 jest nieodzowna dla profesjonalnej kariery w automatyce. Nasz kurs skierowany jest do os\u00f3b, kt\u00f3re chc\u0105 zdoby\u0107 praktyczn\u0105 wiedz\u0119 z zakresu programowania sterownik\u00f3w PLC. Kurs jest odpowiedni zar\u00f3wno dla pocz\u0105tkuj\u0105cych, jak i dla tych, kt\u00f3rzy maj\u0105 pewne podstawy i pragn\u0105 je pog\u0142\u0119bi\u0107.<\/p>\n<p>&nbsp;<\/p>\n<p>### Dla kogo jest ten kurs?<\/p>\n<p>&nbsp;<\/p>\n<p>&#8211; Os\u00f3b bez wcze\u015bniejszego do\u015bwiadczenia w sterownikach PLC i \u015brodowisku programistycznym.<\/p>\n<p>&#8211; Os\u00f3b z podstawow\u0105 wiedz\u0105 na temat PLC Siemens Simatic S7-1500, kt\u00f3re chc\u0105 zdoby\u0107 praktyczne umiej\u0119tno\u015bci.<\/p>\n<p>&nbsp;<\/p>\n<p>Wiedza z zakresu PLC jest cenna w wielu dziedzinach automatyki przemys\u0142owej. Kurs jest odpowiedni dla uczni\u00f3w, student\u00f3w oraz pocz\u0105tkuj\u0105cych automatyk\u00f3w, kt\u00f3rzy chc\u0105 nauczy\u0107 si\u0119 programowania sterownik\u00f3w PLC.<\/p>\n<p>&nbsp;<\/p>\n<p>### Nauka j\u0119zyka SCL<\/p>\n<p>&nbsp;<\/p>\n<p>Sterowniki PLC Siemens Simatic S7-1500 mo\u017cna programowa\u0107 w pi\u0119ciu j\u0119zykach, a nasz kurs koncentruje si\u0119 na j\u0119zyku SCL, kt\u00f3ry jest uwa\u017cany za elastyczny i wszechstronny. Szkolenie obejmuje u\u017cycie oprogramowania TIA Portal, kt\u00f3re jest dost\u0119pne bezp\u0142atnie przez pierwsze 21 dni, oferuj\u0105c pe\u0142n\u0105 funkcjonalno\u015b\u0107, co jest wystarczaj\u0105cym czasem na zako\u0144czenie kursu.<\/p>\n<p>&nbsp;<\/p>\n<p>### Praktyczna wiedza<\/p>\n<p>&nbsp;<\/p>\n<p>Nasze szkolenie jest idealne dla tych, kt\u00f3rzy chc\u0105 przej\u015b\u0107 od teoretycznej wiedzy do praktyki. Kurs programowania PLC Simatic S7 umo\u017cliwia rozpocz\u0119cie kariery w programowaniu sterownik\u00f3w Simatic S7 ju\u017c dzi\u015b, oferuj\u0105c praktyczne umiej\u0119tno\u015bci niezb\u0119dne do pracy w automatyce przemys\u0142owej.<\/p>\n<p>&nbsp;<\/p>\n<p>Podsumowuj\u0105c, nasz kurs wideo z elastycznym tempem nauki, bogatymi materia\u0142ami wideo i praktycznymi \u0107wiczeniami w TIA Portal, umo\u017cliwia zdobycie g\u0142\u0119bokiej wiedzy i umiej\u0119tno\u015bci w programowaniu sterownik\u00f3w PLC Siemens Simatic S7-1500 w j\u0119zyku SCL.<\/p>","protected":false},"excerpt":{"rendered":"<p>PLC programming - without secrets- Siemens PLC programming course. Basic level Step7<\/p>","protected":false},"featured_media":10777,"comment_status":"closed","ping_status":"closed","template":"","meta":{"_acf_changed":false,"inline_featured_image":false,"site-sidebar-layout":"default","site-content-layout":"default","ast-site-content-layout":"default","site-content-style":"default","site-sidebar-style":"default","ast-global-header-display":"","ast-banner-title-visibility":"","ast-main-header-display":"","ast-hfb-above-header-display":"","ast-hfb-below-header-display":"","ast-hfb-mobile-header-display":"","site-post-title":"","ast-breadcrumbs-content":"","ast-featured-img":"","footer-sml-layout":"","theme-transparent-header-meta":"default","adv-header-id-meta":"","stick-header-meta":"default","header-above-stick-meta":"","header-main-stick-meta":"","header-below-stick-meta":"","astra-migrate-meta-layouts":"set","ast-page-background-enabled":"default","ast-page-background-meta":{"desktop":{"background-color":"","background-image":"","background-repeat":"repeat","background-position":"center center","background-size":"auto","background-attachment":"scroll","background-type":"","background-media":"","overlay-type":"","overlay-color":"","overlay-opacity":"","overlay-gradient":""},"tablet":{"background-color":"","background-image":"","background-repeat":"repeat","background-position":"center center","background-size":"auto","background-attachment":"scroll","background-type":"","background-media":"","overlay-type":"","overlay-color":"","overlay-opacity":"","overlay-gradient":""},"mobile":{"background-color":"","background-image":"","background-repeat":"repeat","background-position":"center center","background-size":"auto","background-attachment":"scroll","background-type":"","background-media":"","overlay-type":"","overlay-color":"","overlay-opacity":"","overlay-gradient":""}},"ast-content-background-meta":{"desktop":{"background-color":"var(--ast-global-color-5)","background-image":"","background-repeat":"repeat","background-position":"center center","background-size":"auto","background-attachment":"scroll","background-type":"","background-media":"","overlay-type":"","overlay-color":"","overlay-opacity":"","overlay-gradient":""},"tablet":{"background-color":"var(--ast-global-color-5)","background-image":"","background-repeat":"repeat","background-position":"center center","background-size":"auto","background-attachment":"scroll","background-type":"","background-media":"","overlay-type":"","overlay-color":"","overlay-opacity":"","overlay-gradient":""},"mobile":{"background-color":"var(--ast-global-color-5)","background-image":"","background-repeat":"repeat","background-position":"center center","background-size":"auto","background-attachment":"scroll","background-type":"","background-media":"","overlay-type":"","overlay-color":"","overlay-opacity":"","overlay-gradient":""}}},"product_brand":[],"product_cat":[37],"product_tag":[67],"class_list":{"0":"post-9851","1":"product","2":"type-product","3":"status-publish","4":"has-post-thumbnail","6":"product_cat-programowanie","7":"product_tag-produkt-pendrive","8":"desktop-align-left","9":"tablet-align-left","10":"mobile-align-left","11":"ast-product-gallery-layout-horizontal-slider","12":"ast-product-gallery-with-no-image","13":"ast-product-single-variable","14":"ast-product-tabs-layout-horizontal","16":"first","17":"instock","18":"taxable","19":"shipping-taxable","20":"purchasable","21":"product-type-variable","22":"has-default-attributes"},"acf":[],"_links":{"self":[{"href":"https:\/\/sklep-plcspace.pl\/en\/wp-json\/wp\/v2\/product\/9851","targetHints":{"allow":["GET"]}}],"collection":[{"href":"https:\/\/sklep-plcspace.pl\/en\/wp-json\/wp\/v2\/product"}],"about":[{"href":"https:\/\/sklep-plcspace.pl\/en\/wp-json\/wp\/v2\/types\/product"}],"replies":[{"embeddable":true,"href":"https:\/\/sklep-plcspace.pl\/en\/wp-json\/wp\/v2\/comments?post=9851"}],"wp:featuredmedia":[{"embeddable":true,"href":"https:\/\/sklep-plcspace.pl\/en\/wp-json\/wp\/v2\/media\/10777"}],"wp:attachment":[{"href":"https:\/\/sklep-plcspace.pl\/en\/wp-json\/wp\/v2\/media?parent=9851"}],"wp:term":[{"taxonomy":"product_brand","embeddable":true,"href":"https:\/\/sklep-plcspace.pl\/en\/wp-json\/wp\/v2\/product_brand?post=9851"},{"taxonomy":"product_cat","embeddable":true,"href":"https:\/\/sklep-plcspace.pl\/en\/wp-json\/wp\/v2\/product_cat?post=9851"},{"taxonomy":"product_tag","embeddable":true,"href":"https:\/\/sklep-plcspace.pl\/en\/wp-json\/wp\/v2\/product_tag?post=9851"}],"curies":[{"name":"wp","href":"https:\/\/api.w.org\/{rel}","templated":true}]}}